{"id":18252,"date":"2021-05-09T19:03:20","date_gmt":"2021-05-09T17:03:20","guid":{"rendered":"https:\/\/www.lauriecornillon.com\/?page_id=18252"},"modified":"2026-03-03T17:11:24","modified_gmt":"2026-03-03T16:11:24","slug":"wedding-photographer-saint-martin-vesubie","status":"publish","type":"page","link":"https:\/\/www.lauriecornillon.com\/en\/photographe-mariage-saint-martin-vesubie\/","title":{"rendered":"Wedding photographer Saint-Martin-V\u00e9subie"},"content":{"rendered":"<div class=\"et_pb_section_0 et_pb_section et_pb_fullwidth_section et_section_regular et_block_section\"><\/div><div class=\"et_pb_section_1 et_pb_section et_section_regular et_block_section\"><div class=\"et_pb_row_0 et_pb_row et_block_row\"><div class=\"et_pb_column_0 et_pb_column et_pb_column_4_4 et-last-child et_block_column et_pb_css_mix_blend_mode_passthrough\"><div class=\"et_pb_image_0 et_pb_image et_pb_module et_block_module\"><span class=\"et_pb_image_wrap\"><img decoding=\"async\" data-src=\"https:\/\/www.lauriecornillon.com\/wp-content\/smush-webp\/sites\/5\/2021\/02\/wedding-photographer-icon-4-gold.png.webp\" width=\"32\" height=\"32\" data-sizes=\"(max-width: 32px) 100vw, 32px\" class=\"wp-image-35 lazyload\" title=\"wedding-photographer-icon-4-gold\" src=\"data:image\/svg+xml;base64,PHN2ZyB3aWR0aD0iMSIgaGVpZ2h0PSIxIiB4bWxucz0iaHR0cDovL3d3dy53My5vcmcvMjAwMC9zdmciPjwvc3ZnPg==\" style=\"--smush-placeholder-width: 32px; --smush-placeholder-aspect-ratio: 32\/32;\" \/><\/span><\/div><div class=\"et_pb_text_0 et_pb_text et_pb_bg_layout_light et_pb_module et_block_module et_pb_text_align_center\"><div class=\"et_pb_text_inner\"><p>Wedding<\/p>\n<\/div><\/div><div class=\"et_pb_text_1 et_pb_text et_pb_bg_layout_light et_pb_module et_block_module et_pb_text_align_center\"><div class=\"et_pb_text_inner\"><h1>Wedding Photographer Saint-Martin-V\u00e9subie<\/h1>\n<\/div><\/div><div class=\"et_pb_text_2 et_pb_text et_pb_bg_layout_light et_pb_module et_block_module et_pb_text_align_center\"><div class=\"et_pb_text_inner\"><h4>Hello, I am Laurie Cornillon<\/h4>\n<div class=\"col col-4 w-overlap-box\">\n<div class=\"col-inner\">\n<div class=\"w-text-block\">\n<p><span style=\"font-size: large;\">Photographer in Saint-Martin-V\u00e9subie specialized in the photographs of marriage, I grant a lot of importance to realize for you the biggest moments of your union. My photographic approach is modern and artistic.<\/span><\/p>\n<p><span style=\"font-size: large;\">You will discover by looking at my website my perception of wedding photography, very close to a documentary wedding photo report. I want my images to reflect the emotions of the moment and the original atmosphere of your union in Saint-Martin-V\u00e9subie. I have in heart to capture contemporary and artistic photos, without interventions. The photos will be the enchanting memory of this unique day.<\/span><\/p>\n<\/div>\n<\/div>\n<\/div>\n<div class=\"col col-8\">\n<div class=\"col-inner\"><\/div>\n<\/div>\n<\/div><\/div><\/div><\/div><div class=\"et_pb_row_1 et_pb_row et_block_row\"><div class=\"et_pb_column_1 et_pb_column et_pb_column_4_4 et-last-child et_block_column et_pb_css_mix_blend_mode_passthrough\"><div class=\"et_pb_text_3 et_pb_text et_pb_bg_layout_light et_pb_module et_block_module\"><div class=\"et_pb_text_inner\"><h2><span style=\"font-size: xx-large;\">Your wedding in Saint-Martin-V\u00e9subie<\/span><\/h2>\n<\/div><\/div><\/div><\/div><div class=\"et_pb_row_2 et_pb_row et_block_row\"><div class=\"et_pb_column_2 et_pb_column et_pb_column_4_4 et-last-child et_block_column et_pb_css_mix_blend_mode_passthrough\"><div class=\"et_pb_text_4 et_pb_text et_pb_bg_layout_light et_pb_module et_block_module\"><div class=\"et_pb_text_inner\"><p style=\"text-align: justify;\"><span style=\"font-size: large;\">Saint-Martin-V\u00e9subie is an outstanding environment for wedding visuals, Saint-Martin-V\u00e9subie is a location where I love to make unions.<\/span><\/p>\n<\/div><\/div><div class=\"et_pb_image_1 et_pb_image et_pb_module et_block_module\"><span class=\"et_pb_image_wrap\"><img decoding=\"async\" data-src=\"https:\/\/www.lauriecornillon.com\/wp-content\/uploads\/sites\/5\/2021\/04\/photographe-mariage-laurie-cornillon-2.jpg\" width=\"2560\" height=\"1709\" data-srcset=\"https:\/\/www.lauriecornillon.com\/wp-content\/uploads\/sites\/5\/2021\/04\/photographe-mariage-laurie-cornillon-2.jpg 2560w, https:\/\/www.lauriecornillon.com\/wp-content\/uploads\/sites\/5\/2021\/04\/photographe-mariage-laurie-cornillon-2-1280x855.jpg 1280w, https:\/\/www.lauriecornillon.com\/wp-content\/uploads\/sites\/5\/2021\/04\/photographe-mariage-laurie-cornillon-2-980x654.jpg 980w, https:\/\/www.lauriecornillon.com\/wp-content\/uploads\/sites\/5\/2021\/04\/photographe-mariage-laurie-cornillon-2-480x320.jpg 480w\" data-sizes=\"auto\" class=\"wp-image-17858 lazyload\" title=\"Wedding photo Saint-Martin-V\u00e9subie\" alt=\"Wedding photo Saint-Martin-V\u00e9subie\" src=\"data:image\/svg+xml;base64,PHN2ZyB3aWR0aD0iMSIgaGVpZ2h0PSIxIiB4bWxucz0iaHR0cDovL3d3dy53My5vcmcvMjAwMC9zdmciPjwvc3ZnPg==\" style=\"--smush-placeholder-width: 2560px; --smush-placeholder-aspect-ratio: 2560\/1709;\" data-original-sizes=\"(min-width: 0px) and (max-width: 480px) 480px, (min-width: 481px) and (max-width: 980px) 980px, (min-width: 981px) and (max-width: 1280px) 1280px, (min-width: 1281px) 2560px, 100vw\" \/><\/span><\/div><div class=\"et_pb_text_5 et_pb_text et_pb_bg_layout_light et_pb_module et_block_module\"><div class=\"et_pb_text_inner\"><h3><span style=\"font-family: 'Cormorant Garamond'; font-weight: normal;\">Magical wedding photographs in Saint-Martin-V\u00e9subie<\/span><\/h3>\n<\/div><\/div><div class=\"et_pb_text_6 et_pb_text et_pb_bg_layout_light et_pb_module et_block_module\"><div class=\"et_pb_text_inner\"><p style=\"text-align: justify;\"><span style=\"font-size: large;\">I have multiple years of professionalism as a wedding photographer in Saint-Martin-V\u00e9subie, I accompany you throughout your union with my mastery and creativity. I explore the department regularly. I am aware of the sumptuous sceneries that are unmatched for wedding photography.<\/span><\/p>\n<p>Saint-Martin-V\u00e9subie abounds in many exquisite corners. It's a real advantage to get married in Saint-Martin-V\u00e9subie and an extraordinary selection. It's a real treat for me, a wedding photographer in Saint-Martin-V\u00e9subie, to capture your delicious big day in this idyllic location.<\/p>\n<p>The dazzling panoramas of the Alpes-Maritimes department make Saint-Martin-V\u00e9subie one of the most pleasant settings for your wedding.<\/p>\n<\/div><\/div><div class=\"et_pb_text_7 et_pb_text et_pb_bg_layout_light et_pb_module et_block_module\"><div class=\"et_pb_text_inner\"><h2><span style=\"font-size: xx-large;\">Your wedding photographer in Saint-Martin-V\u00e9subie<\/span><\/h2>\n<\/div><\/div><div class=\"et_pb_image_2 et_pb_image et_pb_module et_block_module\"><span class=\"et_pb_image_wrap\"><img decoding=\"async\" data-src=\"https:\/\/www.lauriecornillon.com\/wp-content\/uploads\/sites\/5\/2022\/07\/mariage-sam-jeremy-59.jpg\" width=\"2500\" height=\"1668\" data-srcset=\"https:\/\/www.lauriecornillon.com\/wp-content\/uploads\/sites\/5\/2022\/07\/mariage-sam-jeremy-59.jpg 2500w, https:\/\/www.lauriecornillon.com\/wp-content\/uploads\/sites\/5\/2022\/07\/mariage-sam-jeremy-59-1280x854.jpg 1280w, https:\/\/www.lauriecornillon.com\/wp-content\/uploads\/sites\/5\/2022\/07\/mariage-sam-jeremy-59-980x654.jpg 980w, https:\/\/www.lauriecornillon.com\/wp-content\/uploads\/sites\/5\/2022\/07\/mariage-sam-jeremy-59-480x320.jpg 480w\" data-sizes=\"auto\" class=\"wp-image-28745 lazyload\" title=\"wedding-sam-jeremy-59\" alt=\"Wedding photographer Saint-Martin-V\u00e9subie\" src=\"data:image\/svg+xml;base64,PHN2ZyB3aWR0aD0iMSIgaGVpZ2h0PSIxIiB4bWxucz0iaHR0cDovL3d3dy53My5vcmcvMjAwMC9zdmciPjwvc3ZnPg==\" style=\"--smush-placeholder-width: 2500px; --smush-placeholder-aspect-ratio: 2500\/1668;\" data-original-sizes=\"(min-width: 0px) and (max-width: 480px) 480px, (min-width: 481px) and (max-width: 980px) 980px, (min-width: 981px) and (max-width: 1280px) 1280px, (min-width: 1281px) 2500px, 100vw\" \/><\/span><\/div><div class=\"et_pb_text_8 et_pb_text et_pb_bg_layout_light et_pb_module et_block_module\"><div class=\"et_pb_text_inner\"><p style=\"text-align: justify;\"><span style=\"font-size: large;\">What I really care about is to provide my photographs with creativity so that they are full of sensitivities. A union is a unique episode where all the tenderness will be gathered in a singular day.<\/span><\/p>\n<p style=\"text-align: justify;\"><span style=\"font-size: large;\">The day of your union starts with the fervor of the preparations, then this excitement will give way to exaltations and feverishness that will grow for a moment before evolving on the steps of the town hall before returning to your partner. When you see your future husband\/wife, your feelings will grow once again. Between adoration and satisfaction, it is not unusual to see a little tear on the face of the future husband\/wife and their clans. At the end, the banquet will give way to an explosion of euphoria. It is the sum of these emotions that provides an inimitable fabric to your wedding in Saint-Martin-V\u00e9subie, which is why I am particularly concerned with capturing the event through an authentic approach. The entirety of these splendid moments is capital in my visuals.<\/span><\/p>\n<p style=\"text-align: justify;\"><span style=\"font-size: large;\">Close to my photographic equipment, I capture all those uncommon emotions, sincere moments stolen in anticipation of showing you an unforgettable memory of your wedding in Saint-Martin-V\u00e9subie. My intention is clear, it is to let you live serenely of the day of your union by knowing that the addition of these seconds without equal is immortalized.<\/span><\/p>\n<\/div><\/div><div class=\"et_pb_text_9 et_pb_text et_pb_bg_layout_light et_pb_module et_block_module\"><div class=\"et_pb_text_inner\"><h3><span style=\"font-family: 'Cormorant Garamond'; font-weight: normal;\">The emotions at the heart of my photographs<\/span><\/h3>\n<\/div><\/div><div class=\"et_pb_image_3 et_pb_image et_pb_module et_block_module\"><span class=\"et_pb_image_wrap\"><img decoding=\"async\" data-src=\"https:\/\/www.lauriecornillon.com\/wp-content\/uploads\/sites\/5\/2021\/04\/photographe-mariage-professionnel-antibes.jpg\" width=\"2560\" height=\"1709\" data-srcset=\"https:\/\/www.lauriecornillon.com\/wp-content\/uploads\/sites\/5\/2021\/04\/photographe-mariage-professionnel-antibes.jpg 2560w, https:\/\/www.lauriecornillon.com\/wp-content\/uploads\/sites\/5\/2021\/04\/photographe-mariage-professionnel-antibes-1280x855.jpg 1280w, https:\/\/www.lauriecornillon.com\/wp-content\/uploads\/sites\/5\/2021\/04\/photographe-mariage-professionnel-antibes-980x654.jpg 980w, https:\/\/www.lauriecornillon.com\/wp-content\/uploads\/sites\/5\/2021\/04\/photographe-mariage-professionnel-antibes-480x320.jpg 480w\" data-sizes=\"auto\" class=\"wp-image-17562 lazyload\" title=\"Professional wedding photographer Saint-Martin-V\u00e9subie\" alt=\"Professional wedding photographer Saint-Martin-V\u00e9subie\" src=\"data:image\/svg+xml;base64,PHN2ZyB3aWR0aD0iMSIgaGVpZ2h0PSIxIiB4bWxucz0iaHR0cDovL3d3dy53My5vcmcvMjAwMC9zdmciPjwvc3ZnPg==\" style=\"--smush-placeholder-width: 2560px; --smush-placeholder-aspect-ratio: 2560\/1709;\" data-original-sizes=\"(min-width: 0px) and (max-width: 480px) 480px, (min-width: 481px) and (max-width: 980px) 980px, (min-width: 981px) and (max-width: 1280px) 1280px, (min-width: 1281px) 2560px, 100vw\" \/><\/span><\/div><div class=\"et_pb_text_10 et_pb_text et_pb_bg_layout_light et_pb_module et_block_module\"><div class=\"et_pb_text_inner\"><p style=\"text-align: justify;\"><span style=\"font-size: large;\">On the day of your union in Saint-Martin-V\u00e9subie, I keep my eyes on the real moments so that, later, you will have memories of your big day. I provide shots that tell the story of the bond between you and your family along the celebration of your love. A wedding is one of those special days when your inner circle is gathered in Saint-Martin-V\u00e9subie to feast on a wedding. I love to capture all along the most beautiful day of your life, the inimitable moments of affinity between lovers and their clans; between spouses and their friends. Thanks to my reflex, I relate your story and at the same time, the epic of your siblings.<\/span><\/p>\n<p style=\"text-align: justify;\"><span style=\"font-size: large;\">Memories of the most beautiful day of your life, the photos of these incomparable moments will live inside your family for generations. The pleasant timeless imprints of your D-day will exist for eternity as your Saint-Martin-V\u00e9subie wedding photographs. Your photographs will accompany you inside the sumptuous memory of this great day. They will tell your pitchouns the novel of your love story.<\/span><\/p>\n<\/div><\/div><div class=\"et_pb_image_4 et_pb_image et_pb_module et_block_module\"><span class=\"et_pb_image_wrap\"><img decoding=\"async\" data-src=\"https:\/\/www.lauriecornillon.com\/wp-content\/smush-webp\/sites\/5\/2022\/07\/photographe-mariage-entrevaux-90.jpg.webp\" width=\"2500\" height=\"1668\" data-srcset=\"https:\/\/www.lauriecornillon.com\/wp-content\/smush-webp\/sites\/5\/2022\/07\/photographe-mariage-entrevaux-90.jpg.webp 2500w, https:\/\/www.lauriecornillon.com\/wp-content\/smush-webp\/sites\/5\/2022\/07\/photographe-mariage-entrevaux-90-1280x854.jpg.webp 1280w, https:\/\/www.lauriecornillon.com\/wp-content\/smush-webp\/sites\/5\/2022\/07\/photographe-mariage-entrevaux-90-980x654.jpg.webp 980w, https:\/\/www.lauriecornillon.com\/wp-content\/smush-webp\/sites\/5\/2022\/07\/photographe-mariage-entrevaux-90-480x320.jpg.webp 480w\" data-sizes=\"auto\" class=\"wp-image-29707 lazyload\" title=\"photographer-wedding-work-90\" alt=\"Photographer Saint-Martin-V\u00e9subie\" src=\"data:image\/svg+xml;base64,PHN2ZyB3aWR0aD0iMSIgaGVpZ2h0PSIxIiB4bWxucz0iaHR0cDovL3d3dy53My5vcmcvMjAwMC9zdmciPjwvc3ZnPg==\" style=\"--smush-placeholder-width: 2500px; --smush-placeholder-aspect-ratio: 2500\/1668;\" data-original-sizes=\"(min-width: 0px) and (max-width: 480px) 480px, (min-width: 481px) and (max-width: 980px) 980px, (min-width: 981px) and (max-width: 1280px) 1280px, (min-width: 1281px) 2500px, 100vw\" \/><\/span><\/div><div class=\"et_pb_module et_pb_button_module_wrapper et_pb_button_0_wrapper\"><a class=\"et_pb_button_0 et_pb_button et_pb_bg_layout_light et_pb_module et_block_module\" href=\"\/en\/gallery\/\">View Gallery<\/a><\/div><\/div><\/div><\/div><div class=\"et_pb_section_2 et_pb_section et_section_regular et_block_section\"><div class=\"et_pb_row_3 et_pb_row et_block_row\"><div class=\"et_pb_column_3 et_pb_column et_pb_column_4_4 et-last-child et_block_column et_pb_css_mix_blend_mode_passthrough\"><div class=\"et_pb_text_11 et_pb_text et_pb_bg_layout_light et_pb_module et_block_module\"><div class=\"et_pb_text_inner\"><h4><span style=\"font-size: xx-large;\">An award-winning photographer in Europe<\/span><\/h4>\n<\/div><\/div><\/div><\/div><div class=\"et_pb_row_4 et_pb_row et_block_row\"><div class=\"et_pb_column_4 et_pb_column et_pb_column_4_4 et-last-child et_block_column et_pb_css_mix_blend_mode_passthrough\"><div class=\"et_pb_text_12 et_pb_text et_pb_bg_layout_light et_pb_module et_block_module\"><div class=\"et_pb_text_inner\"><p style=\"text-align: center;\">Laurie is an artist from the C\u00f4te d'Azur who has been awarded several times by prestigious and popular international websites for the imagination of her photos and her technical skills. You are guaranteed to benefit from having one of the best wedding photographers in Saint-Martin-V\u00e9subie and the <a href=\"https:\/\/www.lauriecornillon.com\/en\/french-riviera-wedding-photographer\/\">French Riviera<\/a> for your big day.<\/p>\n<\/div><\/div><\/div><\/div><div class=\"et_pb_row_5 et_pb_row et_block_row\"><div class=\"et_pb_column_5 et_pb_column et_pb_column_1_3 et_block_column et_pb_css_mix_blend_mode_passthrough\"><div class=\"et_pb_text_13 et_pb_text et_pb_bg_layout_light et_pb_module et_block_module\"><div class=\"et_pb_text_inner\"><p style=\"text-align: center;\"><span color=\"#ffffff\" style=\"color: #ffffff;\">Wedding awards<\/span><\/p>\n<p style=\"text-align: center;\"><em><span style=\"color: #b9a06f;\">Wedding.net prices\u00a0<\/span><\/em><\/p>\n<\/div><\/div><\/div><div class=\"et_pb_column_6 et_pb_column et_pb_column_1_3 et_block_column et_pb_css_mix_blend_mode_passthrough\"><div class=\"et_pb_text_14 et_pb_text et_pb_bg_layout_light et_pb_module et_block_module\"><div class=\"et_pb_text_inner\"><p style=\"text-align: center;\"><span style=\"color: #ffffff;\">European awards <\/span><\/p>\n<p style=\"text-align: center;\"><em><span style=\"color: #b9a06f;\">Pixedo award for landscape<\/span><\/em><\/p>\n<\/div><\/div><\/div><div class=\"et_pb_column_7 et_pb_column et_pb_column_1_3 et-last-child et_block_column et_pb_css_mix_blend_mode_passthrough\"><div class=\"et_pb_text_15 et_pb_text et_pb_bg_layout_light et_pb_module et_block_module\"><div class=\"et_pb_text_inner\"><p style=\"text-align: center;\"><span style=\"color: #ffffff;\">Photograph of the year<\/span><\/p>\n<p style=\"text-align: center;\"><em><span style=\"color: #b9a06f;\">Prix C\u00f4te d'Azur France 2017<\/span><\/em><\/p>\n<\/div><\/div><\/div><\/div><\/div><div class=\"et_pb_section_3 et_pb_section et_section_regular et_block_section\"><div class=\"et_pb_row_6 et_pb_row et_block_row\"><div class=\"et_pb_column_8 et_pb_column et_pb_column_4_4 et-last-child et_block_column et_pb_css_mix_blend_mode_passthrough\"><div class=\"et_pb_text_16 et_pb_text et_pb_bg_layout_light et_pb_module et_block_module\"><div class=\"et_pb_text_inner\"><h2><span style=\"font-size: xx-large;\">Let's talk about your wedding project in Saint-Martin-V\u00e9subie<\/span><\/h2>\n<\/div><\/div><div class=\"et_pb_text_17 et_pb_text et_pb_bg_layout_light et_pb_module et_block_module\"><div class=\"et_pb_text_inner\"><p style=\"text-align: justify;\"><span style=\"font-size: large;\">I deliver contemporary and artistic wedding photos. I strive to give my photos an unparalleled value to enhance your wedding day. I invite you to <a href=\"https:\/\/www.lauriecornillon.com\/en\/contact\/\">contact<\/a> so that we create your dream wedding photography reportage of your wedding in Saint-Martin-V\u00e9subie. It would be a delight to be brought to live with you the unique emotions of your wedding.<\/span><\/p>\n<p>&nbsp;<\/p>\n<\/div><\/div><div class=\"et_pb_module et_pb_button_module_wrapper et_pb_button_1_wrapper\"><a class=\"et_pb_button_1 et_pb_button et_pb_bg_layout_light et_pb_module et_block_module\" href=\"\/en\/contact\/\">Contact me<\/a><\/div><\/div><\/div><div class=\"et_pb_row_7 et_pb_row et_block_row\"><div class=\"et_pb_column_9 et_pb_column et_pb_column_1_3 et_block_column et_pb_css_mix_blend_mode_passthrough\"><div class=\"et_pb_image_5 et_pb_image et_pb_module et_block_module\"><span class=\"et_pb_image_wrap\"><img decoding=\"async\" data-src=\"https:\/\/www.lauriecornillon.com\/wp-content\/uploads\/sites\/5\/2021\/04\/photographe-professionnel-antibes.jpg\" width=\"1704\" height=\"2560\" data-srcset=\"https:\/\/www.lauriecornillon.com\/wp-content\/uploads\/sites\/5\/2021\/04\/photographe-professionnel-antibes.jpg 1704w, https:\/\/www.lauriecornillon.com\/wp-content\/uploads\/sites\/5\/2021\/04\/photographe-professionnel-antibes-1280x1923.jpg 1280w, https:\/\/www.lauriecornillon.com\/wp-content\/uploads\/sites\/5\/2021\/04\/photographe-professionnel-antibes-980x1472.jpg 980w, https:\/\/www.lauriecornillon.com\/wp-content\/uploads\/sites\/5\/2021\/04\/photographe-professionnel-antibes-480x721.jpg 480w\" data-sizes=\"auto\" class=\"wp-image-17565 lazyload\" title=\"Professional photographer Saint-Martin-V\u00e9subie\" alt=\"Professional photographer Saint-Martin-V\u00e9subie\" src=\"data:image\/svg+xml;base64,PHN2ZyB3aWR0aD0iMSIgaGVpZ2h0PSIxIiB4bWxucz0iaHR0cDovL3d3dy53My5vcmcvMjAwMC9zdmciPjwvc3ZnPg==\" style=\"--smush-placeholder-width: 1704px; --smush-placeholder-aspect-ratio: 1704\/2560;\" data-original-sizes=\"(min-width: 0px) and (max-width: 480px) 480px, (min-width: 481px) and (max-width: 980px) 980px, (min-width: 981px) and (max-width: 1280px) 1280px, (min-width: 1281px) 1704px, 100vw\" \/><\/span><\/div><\/div><div class=\"et_pb_column_10 et_pb_column et_pb_column_1_3 et_block_column et_pb_css_mix_blend_mode_passthrough\"><div class=\"et_pb_image_6 et_pb_image et_pb_module et_block_module\"><span class=\"et_pb_image_wrap\"><img decoding=\"async\" data-src=\"https:\/\/www.lauriecornillon.com\/wp-content\/uploads\/sites\/5\/2021\/04\/photographies-mariage-antibes.jpg\" width=\"1708\" height=\"2560\" data-srcset=\"https:\/\/www.lauriecornillon.com\/wp-content\/uploads\/sites\/5\/2021\/04\/photographies-mariage-antibes.jpg 1708w, https:\/\/www.lauriecornillon.com\/wp-content\/uploads\/sites\/5\/2021\/04\/photographies-mariage-antibes-1280x1919.jpg 1280w, https:\/\/www.lauriecornillon.com\/wp-content\/uploads\/sites\/5\/2021\/04\/photographies-mariage-antibes-980x1469.jpg 980w, https:\/\/www.lauriecornillon.com\/wp-content\/uploads\/sites\/5\/2021\/04\/photographies-mariage-antibes-480x719.jpg 480w\" data-sizes=\"auto\" class=\"wp-image-17566 lazyload\" title=\"Wedding photographs Saint-Martin-V\u00e9subie\" alt=\"Wedding photographs Saint-Martin-V\u00e9subie\" src=\"data:image\/svg+xml;base64,PHN2ZyB3aWR0aD0iMSIgaGVpZ2h0PSIxIiB4bWxucz0iaHR0cDovL3d3dy53My5vcmcvMjAwMC9zdmciPjwvc3ZnPg==\" style=\"--smush-placeholder-width: 1708px; --smush-placeholder-aspect-ratio: 1708\/2560;\" data-original-sizes=\"(min-width: 0px) and (max-width: 480px) 480px, (min-width: 481px) and (max-width: 980px) 980px, (min-width: 981px) and (max-width: 1280px) 1280px, (min-width: 1281px) 1708px, 100vw\" \/><\/span><\/div><\/div><div class=\"et_pb_column_11 et_pb_column et_pb_column_1_3 et-last-child et_block_column et_pb_css_mix_blend_mode_passthrough\"><div class=\"et_pb_image_7 et_pb_image et_pb_module et_block_module\"><span class=\"et_pb_image_wrap\"><img decoding=\"async\" data-src=\"https:\/\/www.lauriecornillon.com\/wp-content\/uploads\/sites\/5\/2021\/04\/photographe-mariage-de-prestige-antibes.jpg\" width=\"1709\" height=\"2560\" data-srcset=\"https:\/\/www.lauriecornillon.com\/wp-content\/uploads\/sites\/5\/2021\/04\/photographe-mariage-de-prestige-antibes.jpg 1709w, https:\/\/www.lauriecornillon.com\/wp-content\/uploads\/sites\/5\/2021\/04\/photographe-mariage-de-prestige-antibes-1280x1917.jpg 1280w, https:\/\/www.lauriecornillon.com\/wp-content\/uploads\/sites\/5\/2021\/04\/photographe-mariage-de-prestige-antibes-980x1468.jpg 980w, https:\/\/www.lauriecornillon.com\/wp-content\/uploads\/sites\/5\/2021\/04\/photographe-mariage-de-prestige-antibes-480x719.jpg 480w\" data-sizes=\"auto\" class=\"wp-image-17567 lazyload\" title=\"Prestige Wedding Photographer Saint-Martin-V\u00e9subie\" alt=\"Prestige Wedding Photographer Saint-Martin-V\u00e9subie\" src=\"data:image\/svg+xml;base64,PHN2ZyB3aWR0aD0iMSIgaGVpZ2h0PSIxIiB4bWxucz0iaHR0cDovL3d3dy53My5vcmcvMjAwMC9zdmciPjwvc3ZnPg==\" style=\"--smush-placeholder-width: 1709px; --smush-placeholder-aspect-ratio: 1709\/2560;\" data-original-sizes=\"(min-width: 0px) and (max-width: 480px) 480px, (min-width: 481px) and (max-width: 980px) 980px, (min-width: 981px) and (max-width: 1280px) 1280px, (min-width: 1281px) 1709px, 100vw\" \/><\/span><\/div><\/div><\/div><\/div>","protected":false},"excerpt":{"rendered":"","protected":false},"author":1,"featured_media":0,"parent":0,"menu_order":0,"comment_status":"closed","ping_status":"closed","template":"","meta":{"footnotes":""},"class_list":["post-18252","page","type-page","status-publish","hentry"],"_links":{"self":[{"href":"https:\/\/www.lauriecornillon.com\/en\/wp-json\/wp\/v2\/pages\/18252","targetHints":{"allow":["GET"]}}],"collection":[{"href":"https:\/\/www.lauriecornillon.com\/en\/wp-json\/wp\/v2\/pages"}],"about":[{"href":"https:\/\/www.lauriecornillon.com\/en\/wp-json\/wp\/v2\/types\/page"}],"author":[{"embeddable":true,"href":"https:\/\/www.lauriecornillon.com\/en\/wp-json\/wp\/v2\/users\/1"}],"replies":[{"embeddable":true,"href":"https:\/\/www.lauriecornillon.com\/en\/wp-json\/wp\/v2\/comments?post=18252"}],"version-history":[{"count":0,"href":"https:\/\/www.lauriecornillon.com\/en\/wp-json\/wp\/v2\/pages\/18252\/revisions"}],"wp:attachment":[{"href":"https:\/\/www.lauriecornillon.com\/en\/wp-json\/wp\/v2\/media?parent=18252"}],"curies":[{"name":"wp","href":"https:\/\/api.w.org\/{rel}","templated":true}]}}