{"id":29346,"date":"2022-07-19T19:37:31","date_gmt":"2022-07-19T17:37:31","guid":{"rendered":"https:\/\/www.lauriecornillon.com\/?page_id=29346"},"modified":"2026-03-03T17:11:47","modified_gmt":"2026-03-03T16:11:47","slug":"photographer-wedding-provence","status":"publish","type":"page","link":"https:\/\/www.lauriecornillon.com\/en\/photographe-mariage-provence\/","title":{"rendered":"Wedding photographer Provence"},"content":{"rendered":"<div class=\"et_pb_section_0 et_pb_section et_pb_fullwidth_section et_section_regular et_block_section\"><\/div><div class=\"et_pb_section_1 et_pb_section et_section_regular et_block_section\"><div class=\"et_pb_row_0 et_pb_row et_block_row\"><div class=\"et_pb_column_0 et_pb_column et_pb_column_4_4 et-last-child et_block_column et_pb_css_mix_blend_mode_passthrough\"><div class=\"et_pb_image_0 et_pb_image et_pb_module et_block_module\"><span class=\"et_pb_image_wrap\"><img decoding=\"async\" data-src=\"https:\/\/www.lauriecornillon.com\/wp-content\/smush-webp\/sites\/5\/2021\/02\/wedding-photographer-icon-4-gold.png.webp\" width=\"32\" height=\"32\" data-sizes=\"(max-width: 32px) 100vw, 32px\" class=\"wp-image-35 lazyload\" title=\"wedding-photographer-icon-4-gold\" src=\"data:image\/svg+xml;base64,PHN2ZyB3aWR0aD0iMSIgaGVpZ2h0PSIxIiB4bWxucz0iaHR0cDovL3d3dy53My5vcmcvMjAwMC9zdmciPjwvc3ZnPg==\" style=\"--smush-placeholder-width: 32px; --smush-placeholder-aspect-ratio: 32\/32;\" \/><\/span><\/div><div class=\"et_pb_text_0 et_pb_text et_pb_bg_layout_light et_pb_module et_block_module et_pb_text_align_center\"><div class=\"et_pb_text_inner\"><p>Wedding<\/p>\n<\/div><\/div><div class=\"et_pb_text_1 et_pb_text et_pb_bg_layout_light et_pb_module et_block_module et_pb_text_align_center\"><div class=\"et_pb_text_inner\"><h1>Wedding Photographer in Provence<\/h1>\n<\/div><\/div><div class=\"et_pb_text_2 et_pb_text et_pb_bg_layout_light et_pb_module et_block_module et_pb_text_align_center\"><div class=\"et_pb_text_inner\"><h4>Hello, I am Laurie Cornillon<\/h4>\n<div class=\"col col-4 w-overlap-box\">\n<div class=\"col-inner\">\n<div class=\"w-text-block\"><\/div>\n<\/div>\n<\/div>\n<div class=\"col col-8\">\n<div class=\"col-inner\">Professional photographer, artist and technician, I specialize in wedding photography in Provence. I capture the special and unique moments that take place during a wedding to immortalize them forever. Using my experience and creativity, I'm able to capture emotional images that reflect the love and joy of the couple on the day of their union.<\/div>\n<div class=\"col-inner\">The region's natural beauty provides an idyllic backdrop for any occasion, but it also offers couples a particularly romantic atmosphere in which to immortalize their feelings for each other.<\/div>\n<\/div>\n<\/div><\/div><\/div><\/div><\/div><div class=\"et_pb_section_2 et_pb_section et_section_regular et_block_section\"><div class=\"et_pb_row_1 et_pb_row et_block_row\"><div class=\"et_pb_column_1 et_pb_column et_pb_column_4_4 et-last-child et_block_column et_pb_css_mix_blend_mode_passthrough\"><div class=\"et_pb_image_1 et_pb_image et_pb_module et_block_module\"><span class=\"et_pb_image_wrap\"><img decoding=\"async\" data-src=\"https:\/\/www.lauriecornillon.com\/wp-content\/uploads\/sites\/5\/2022\/07\/mariage-caroline-sylvain-58.jpg\" width=\"2500\" height=\"1669\" data-srcset=\"https:\/\/www.lauriecornillon.com\/wp-content\/uploads\/sites\/5\/2022\/07\/mariage-caroline-sylvain-58.jpg 2500w, https:\/\/www.lauriecornillon.com\/wp-content\/uploads\/sites\/5\/2022\/07\/mariage-caroline-sylvain-58-1280x855.jpg 1280w, https:\/\/www.lauriecornillon.com\/wp-content\/uploads\/sites\/5\/2022\/07\/mariage-caroline-sylvain-58-980x654.jpg 980w, https:\/\/www.lauriecornillon.com\/wp-content\/uploads\/sites\/5\/2022\/07\/mariage-caroline-sylvain-58-480x320.jpg 480w\" data-sizes=\"auto\" class=\"wp-image-28896 lazyload\" title=\"wedding-caroline-sylvain-58\" src=\"data:image\/svg+xml;base64,PHN2ZyB3aWR0aD0iMSIgaGVpZ2h0PSIxIiB4bWxucz0iaHR0cDovL3d3dy53My5vcmcvMjAwMC9zdmciPjwvc3ZnPg==\" style=\"--smush-placeholder-width: 2500px; --smush-placeholder-aspect-ratio: 2500\/1669;\" data-original-sizes=\"(min-width: 0px) and (max-width: 480px) 480px, (min-width: 481px) and (max-width: 980px) 980px, (min-width: 981px) and (max-width: 1280px) 1280px, (min-width: 1281px) 2500px, 100vw\" \/><\/span><\/div><div class=\"et_pb_text_3 et_pb_text et_pb_bg_layout_light et_pb_module et_block_module\"><div class=\"et_pb_text_inner\"><h2 style=\"text-align: center;\" class=\"police\">The photographic report of your wedding in Provence<\/h2>\n<\/div><\/div><\/div><\/div><div class=\"et_pb_row_2 et_pb_row et_block_row\"><div class=\"et_pb_column_2 et_pb_column et_pb_column_4_4 et-last-child et_block_column et_pb_css_mix_blend_mode_passthrough\"><div class=\"et_pb_text_4 et_pb_text et_pb_bg_layout_light et_pb_module et_block_module\"><div class=\"et_pb_text_inner\"><p>Provence is a magnificent region in the South of France, and one of the most beautiful places in the world in which to celebrate a wedding. Guests will be delighted by the beauty of <a href=\"https:\/\/www.lauriecornillon.com\/en\/portfolios\/\">landscapes<\/a>, You'll love the delicious local dishes and the charming atmosphere of the South of France. For a wedding in Provence, you can choose from a range of magnificent venues, including <a href=\"https:\/\/www.lauriecornillon.com\/en\/wedding-photographer-saint-tropez\/\">Saint-Tropez<\/a>, a village famous for its port, beaches and nightlife, which has attracted many artists, writers and celebrities since the 20th century. There's also Martigues and Menton, located on the French-Italian border, just a few kilometers from the Principality of Monaco. Known as the \"Pearl of France\", this small town enjoys a mild, sunny climate, ideal for growing citrus fruits, including the famous IGP Menton lemon. <a href=\"https:\/\/www.lauriecornillon.com\/en\/wedding-menton-photographer\/\">Menton<\/a> has a remarkable architectural and cultural heritage, with its old town with colorful facades, its 17th century Saint-Michel-Archange basilica, its lemon festival, and its magnificent wedding hall decorated by Cocteau.<\/p>\n<p>All these towns have a lot to offer future brides and grooms and their guests: sublime landscapes with lavender fields or verdant vineyards, a rich and varied gastronomy with southern specialties like tapenades or ratatouilles... not forgetting the warm southern welcome.<\/p>\n<p>In this sunny region that has always inspired so much love, it's not just romantics who will find happiness: anyone who wants to spend an unforgettable moment in an idyllic setting will be delighted.<\/p>\n<p>The Var is a privileged destination for wedding celebrations. Many couples choose this enchanting location for their big day. There are many wonderful places to celebrate a wedding in the Var. Vineyards offer breathtaking scenery, such as Ch\u00e2teau Ma\u00efme or Ch\u00e2teau du Font du Broc around the Var. <a href=\"https:\/\/www.lauriecornillon.com\/en\/wedding-photographer-draguignan\/\">Draguignan<\/a>The old stone bastides are a dream for lovers of traditional Proven\u00e7al architecture. Surrounded by nature and enjoying the beautiful weather that the South of France usually offers, there is no doubt that your union will be unforgettable. Sainte-Maxime, Grimaud, Saint-Rapha\u00ebl, Fr\u00e9jus, the names of the sublime cities of the Var Riviera are not lacking. These are dream places to get married.<\/p>\n<\/div><\/div><\/div><\/div><div class=\"et_pb_row_3 et_pb_row et_block_row\"><div class=\"et_pb_column_3 et_pb_column et_pb_column_4_4 et-last-child et_block_column et_pb_css_mix_blend_mode_passthrough\"><div class=\"et_pb_text_5 et_pb_text et_pb_bg_layout_light et_pb_module et_block_module\"><div class=\"et_pb_text_inner\"><p style=\"text-align: center;\">A great knowledge of the region<\/p>\n<\/div><\/div><div class=\"et_pb_text_6 et_pb_text et_pb_bg_layout_light et_pb_module et_block_module\"><div class=\"et_pb_text_inner\"><p>I'm a photographer in Provence specializing in weddings. Provence is a beautiful place and there is so much to photograph in this sublime region. The landscapes, the colors, the light... it all makes wedding photography in Provence really special. I trained as a professional photographer over 10 years ago now, but my passion for photography began long before that. I've always loved capturing the moment and documenting my own travels through images. This passion slowly turned into a professional interest over the years, and I became a wedding photographer 8 years ago now. Having grown up in the South-East of France, I had already had the opportunity to travel extensively throughout the region even before starting my career as a professional photographer.<\/p>\n<p>My in-depth knowledge of the French territory - particularly that of the Var and the <a href=\"https:\/\/www.lauriecornillon.com\/en\/french-riviera-wedding-photographer\/\">French Riviera<\/a> - is a major asset that enables me not only to efficiently guide my foreign customers so that they can fully enjoy this magnificent Provencal region.<\/p>\n<\/div><\/div><div class=\"et_pb_image_2 et_pb_image et_pb_module et_block_module\"><span class=\"et_pb_image_wrap\"><img decoding=\"async\" data-src=\"https:\/\/www.lauriecornillon.com\/wp-content\/uploads\/sites\/5\/2021\/03\/mariage-jade-thomas-1106.jpg\" width=\"2560\" height=\"1709\" data-srcset=\"https:\/\/www.lauriecornillon.com\/wp-content\/uploads\/sites\/5\/2021\/03\/mariage-jade-thomas-1106.jpg 2560w, https:\/\/www.lauriecornillon.com\/wp-content\/uploads\/sites\/5\/2021\/03\/mariage-jade-thomas-1106-1280x855.jpg 1280w, https:\/\/www.lauriecornillon.com\/wp-content\/uploads\/sites\/5\/2021\/03\/mariage-jade-thomas-1106-980x654.jpg 980w, https:\/\/www.lauriecornillon.com\/wp-content\/uploads\/sites\/5\/2021\/03\/mariage-jade-thomas-1106-480x320.jpg 480w\" data-sizes=\"auto\" class=\"wp-image-17168 lazyload\" title=\"marriage-jade-thomas (1106)\" src=\"data:image\/svg+xml;base64,PHN2ZyB3aWR0aD0iMSIgaGVpZ2h0PSIxIiB4bWxucz0iaHR0cDovL3d3dy53My5vcmcvMjAwMC9zdmciPjwvc3ZnPg==\" style=\"--smush-placeholder-width: 2560px; --smush-placeholder-aspect-ratio: 2560\/1709;\" data-original-sizes=\"(min-width: 0px) and (max-width: 480px) 480px, (min-width: 481px) and (max-width: 980px) 980px, (min-width: 981px) and (max-width: 1280px) 1280px, (min-width: 1281px) 2560px, 100vw\" \/><\/span><\/div><div class=\"et_pb_text_7 et_pb_text et_pb_bg_layout_light et_pb_module et_block_module\"><div class=\"et_pb_text_inner\"><p style=\"text-align: center;\">At the heart of emotions<\/p>\n<\/div><\/div><div class=\"et_pb_text_8 et_pb_text et_pb_bg_layout_light et_pb_module et_block_module\"><div class=\"et_pb_text_inner\"><p>The wedding is a magical and unique moment in the life of each couple. If you have decided to get married in Provence, then I will be delighted to immortalize this memorable day through my photos. Indeed, Provence offers an idyllic setting for a wedding: beautiful landscapes, shimmering colors and a festive and friendly atmosphere.<\/p>\n<p>All this will undoubtedly make your wedding even more special. I'll make sure that my photos perfectly reflect the special atmosphere of the place where your union will take place, so that you can fully relive this magical moment every time you look at them. What's more, I'll focus on the guests' facial expressions to capture their joy and good humor, as this is often what makes group photos so moving.<\/p>\n<p>One of the most beautiful regions of France is undoubtedly Provence, and more particularly the Var. The names of its towns and villages evoke sun, sea and vacations: Saint-Tropez, Hy\u00e8res, Saint-Rapha\u00ebl, Cogolin, Fr\u00e9jus, Six-Fours-les-Plages... But those who have had the good fortune to marry in one of these places will not fail to mention Sainte-Maxime, Sanary-sur-Mer or Grimaud as being among the most beautiful places for a union.<\/p>\n<p>Located in the south-east of the Var department, between Fr\u00e9jus and Saint-Tropez, the commune of Sainte-Maxime offers a magnificent view of the Baie des Caroubiers. There are some of the best luxury hotels, but also small typical family pensions. The mild climate allows honeymooners to enjoy the simple pleasures of bathing on the beach, relaxing under the pine trees and having an elegant wedding by the water.<\/p>\n<p>Grimaud, known mainly for being the neighboring village of the Domaine Du Golf de Barbaroux, also offers an idyllic setting for those wishing to organize an outdoor wedding facing the Mediterranean Sea. The village has always been an integral part of the Roquebrune-sur-Argens area, which is also considered to be a paradise with an authentic character due to its ancient architecture and winding streets.<\/p>\n<\/div><\/div><div class=\"et_pb_text_9 et_pb_text et_pb_bg_layout_light et_pb_module et_block_module\"><div class=\"et_pb_text_inner\"><p style=\"text-align: center;\">A unique experience in Provence<\/p>\n<\/div><\/div><div class=\"et_pb_text_10 et_pb_text et_pb_bg_layout_light et_pb_module et_block_module\"><div class=\"et_pb_text_inner\"><p>The big day will arrive all too quickly, so take the time to enjoy every moment. Take advantage of the natural beauty that Provence has to offer by organizing a short excursion before the big day, or simply stroll through the pretty cobbled streets of the nearest village, such as Le Castellet or Bormes-les-Mimosas. When it's time for cocktails and dinner, savor every bite of the exquisite dishes served, and take the opportunity to walk the runway in one of the beautiful Provencal-colored estates so characteristic of the South of France.<\/p>\n<p>When one thinks of Provence, one immediately imagines lavender fields, sunshine and old stones. It is in this beautiful region that the Var department is located. And it is also in this department that there are three perfect cities for a wedding: Saint-Cyr-sur-Mer, Toulon and La Seyne-sur-Mer. If you want to organize an outdoor wedding, then Saint-Cyr-sur-Mer is for you! Indeed, this small town has many green spaces where it will be possible to receive all your guests. You will also have access to a private beach where you can enjoy the Provencal sun while admiring the Mediterranean Sea. As for Toulon, it offers a more urban setting, but it is no less charming.<\/p>\n<\/div><\/div><\/div><\/div><div class=\"et_pb_row_4 et_pb_row et_block_row\"><div class=\"et_pb_column_4 et_pb_column et_pb_column_4_4 et-last-child et_block_column et_pb_css_mix_blend_mode_passthrough\"><div class=\"et_pb_image_3 et_pb_image et_pb_module et_block_module\"><span class=\"et_pb_image_wrap\"><img decoding=\"async\" data-src=\"https:\/\/www.lauriecornillon.com\/wp-content\/uploads\/sites\/5\/2021\/03\/galerie-102.jpg\" width=\"2500\" height=\"1668\" data-srcset=\"https:\/\/www.lauriecornillon.com\/wp-content\/uploads\/sites\/5\/2021\/03\/galerie-102.jpg 2500w, https:\/\/www.lauriecornillon.com\/wp-content\/uploads\/sites\/5\/2021\/03\/galerie-102-1280x854.jpg 1280w, https:\/\/www.lauriecornillon.com\/wp-content\/uploads\/sites\/5\/2021\/03\/galerie-102-980x654.jpg 980w, https:\/\/www.lauriecornillon.com\/wp-content\/uploads\/sites\/5\/2021\/03\/galerie-102-480x320.jpg 480w\" data-sizes=\"auto\" class=\"wp-image-29155 lazyload\" title=\"gallery-102\" src=\"data:image\/svg+xml;base64,PHN2ZyB3aWR0aD0iMSIgaGVpZ2h0PSIxIiB4bWxucz0iaHR0cDovL3d3dy53My5vcmcvMjAwMC9zdmciPjwvc3ZnPg==\" style=\"--smush-placeholder-width: 2500px; --smush-placeholder-aspect-ratio: 2500\/1668;\" data-original-sizes=\"(min-width: 0px) and (max-width: 480px) 480px, (min-width: 481px) and (max-width: 980px) 980px, (min-width: 981px) and (max-width: 1280px) 1280px, (min-width: 1281px) 2500px, 100vw\" \/><\/span><\/div><\/div><\/div><\/div><div class=\"et_pb_section_3 et_pb_section et_section_regular et_block_section\"><div class=\"et_pb_row_5 et_pb_row et_block_row\"><div class=\"et_pb_column_5 et_pb_column et_pb_column_4_4 et-last-child et_block_column et_pb_css_mix_blend_mode_passthrough\"><div class=\"et_pb_text_11 et_pb_text et_pb_bg_layout_light et_pb_module et_block_module\"><div class=\"et_pb_text_inner\"><h4><span style=\"font-size: xx-large;\">An award-winning photographer in Europe<\/span><\/h4>\n<\/div><\/div><\/div><\/div><div class=\"et_pb_row_6 et_pb_row et_block_row\"><div class=\"et_pb_column_6 et_pb_column et_pb_column_4_4 et-last-child et_block_column et_pb_css_mix_blend_mode_passthrough\"><div class=\"et_pb_text_12 et_pb_text et_pb_bg_layout_light et_pb_module et_block_module\"><div class=\"et_pb_text_inner\"><p style=\"text-align: center;\">Laurie is a local photographer who has been awarded many prizes by the world's leading magazines for her beautiful photos and technical ability. You can be sure to have one of the best wedding photographers in <a href=\"https:\/\/www.lauriecornillon.com\/en\/photographer-wedding-cannes\/\">Cannes<\/a> and the French Riviera for your big day.<\/p>\n<\/div><\/div><\/div><\/div><div class=\"et_pb_row_7 et_pb_row et_block_row\"><div class=\"et_pb_column_7 et_pb_column et_pb_column_1_3 et_block_column et_pb_css_mix_blend_mode_passthrough\"><div class=\"et_pb_text_13 et_pb_text et_pb_bg_layout_light et_pb_module et_block_module\"><div class=\"et_pb_text_inner\"><p style=\"text-align: center;\"><span color=\"#ffffff\" style=\"color: #ffffff;\">Wedding awards<\/span><\/p>\n<p style=\"text-align: center;\"><em><span style=\"color: #b9a06f;\">Wedding.net prices\u00a0<\/span><\/em><\/p>\n<\/div><\/div><\/div><div class=\"et_pb_column_8 et_pb_column et_pb_column_1_3 et_block_column et_pb_css_mix_blend_mode_passthrough\"><div class=\"et_pb_text_14 et_pb_text et_pb_bg_layout_light et_pb_module et_block_module\"><div class=\"et_pb_text_inner\"><p style=\"text-align: center;\"><span style=\"color: #ffffff;\">European awards <\/span><\/p>\n<p style=\"text-align: center;\"><em><span style=\"color: #b9a06f;\">Pixedo award for landscape<\/span><\/em><\/p>\n<\/div><\/div><\/div><div class=\"et_pb_column_9 et_pb_column et_pb_column_1_3 et-last-child et_block_column et_pb_css_mix_blend_mode_passthrough\"><div class=\"et_pb_text_15 et_pb_text et_pb_bg_layout_light et_pb_module et_block_module\"><div class=\"et_pb_text_inner\"><p style=\"text-align: center;\"><span style=\"color: #ffffff;\">Photograph of the year<\/span><\/p>\n<p style=\"text-align: center;\"><em><span style=\"color: #b9a06f;\">Prix C\u00f4te d'Azur France 2017<\/span><\/em><\/p>\n<\/div><\/div><\/div><\/div><\/div><div class=\"et_pb_section_4 et_pb_section et_section_regular et_block_section\"><div class=\"et_pb_row_8 et_pb_row et_block_row\"><div class=\"et_pb_column_10 et_pb_column et_pb_column_4_4 et-last-child et_block_column et_pb_css_mix_blend_mode_passthrough\"><div class=\"et_pb_text_16 et_pb_text et_pb_bg_layout_light et_pb_module et_block_module\"><div class=\"et_pb_text_inner\"><h2><span style=\"font-size: xx-large;\">Let's talk about your wedding project in Provence<\/span><\/h2>\n<\/div><\/div><div class=\"et_pb_text_17 et_pb_text et_pb_bg_layout_light et_pb_module et_block_module\"><div class=\"et_pb_text_inner\"><p>A wedding in Provence is an unforgettable experience. The beautiful scenery, Mediterranean climate and delicious cuisine are the perfect combination for a romantic wedding. Preparing for your wedding can be stressful, but there are plenty of quality service providers in Provence to help you organize your perfect day. From live music during the ceremony to a caterer specializing in local dishes, anything is possible. If you're looking for a photographer who can sublimate the natural charm of south-east France while capturing the essence of happiness felt by every guest at your wedding, then don't hesitate to contact me. <a href=\"https:\/\/www.lauriecornillon.com\/en\/contact\/\">contact<\/a>. I will be honored to be at your side to immortalize this great day.<\/p>\n<p>&nbsp;<\/p>\n<\/div><\/div><div class=\"et_pb_module et_pb_button_module_wrapper et_pb_button_0_wrapper\"><a class=\"et_pb_button_0 et_pb_button et_pb_bg_layout_light et_pb_module et_block_module\" href=\"\/en\/contact\/\">Contact me<\/a><\/div><\/div><\/div><div class=\"et_pb_row_9 et_pb_row et_block_row\"><div class=\"et_pb_column_11 et_pb_column et_pb_column_1_3 et_block_column et_pb_css_mix_blend_mode_passthrough\"><div class=\"et_pb_image_4 et_pb_image et_pb_module et_block_module\"><span class=\"et_pb_image_wrap\"><img decoding=\"async\" data-src=\"https:\/\/www.lauriecornillon.com\/wp-content\/uploads\/sites\/5\/2021\/04\/photographe-professionnel-antibes.jpg\" width=\"1704\" height=\"2560\" data-srcset=\"https:\/\/www.lauriecornillon.com\/wp-content\/uploads\/sites\/5\/2021\/04\/photographe-professionnel-antibes.jpg 1704w, https:\/\/www.lauriecornillon.com\/wp-content\/uploads\/sites\/5\/2021\/04\/photographe-professionnel-antibes-1280x1923.jpg 1280w, https:\/\/www.lauriecornillon.com\/wp-content\/uploads\/sites\/5\/2021\/04\/photographe-professionnel-antibes-980x1472.jpg 980w, https:\/\/www.lauriecornillon.com\/wp-content\/uploads\/sites\/5\/2021\/04\/photographe-professionnel-antibes-480x721.jpg 480w\" data-sizes=\"auto\" class=\"wp-image-17565 lazyload\" title=\"Professional photographer Cannes\" alt=\"Professional photographer Cannes\" src=\"data:image\/svg+xml;base64,PHN2ZyB3aWR0aD0iMSIgaGVpZ2h0PSIxIiB4bWxucz0iaHR0cDovL3d3dy53My5vcmcvMjAwMC9zdmciPjwvc3ZnPg==\" style=\"--smush-placeholder-width: 1704px; --smush-placeholder-aspect-ratio: 1704\/2560;\" data-original-sizes=\"(min-width: 0px) and (max-width: 480px) 480px, (min-width: 481px) and (max-width: 980px) 980px, (min-width: 981px) and (max-width: 1280px) 1280px, (min-width: 1281px) 1704px, 100vw\" \/><\/span><\/div><\/div><div class=\"et_pb_column_12 et_pb_column et_pb_column_1_3 et_block_column et_pb_css_mix_blend_mode_passthrough\"><div class=\"et_pb_image_5 et_pb_image et_pb_module et_block_module\"><span class=\"et_pb_image_wrap\"><img decoding=\"async\" data-src=\"https:\/\/www.lauriecornillon.com\/wp-content\/uploads\/sites\/5\/2021\/03\/galerie-147.jpg\" width=\"1668\" height=\"2500\" data-srcset=\"https:\/\/www.lauriecornillon.com\/wp-content\/uploads\/sites\/5\/2021\/03\/galerie-147.jpg 1668w, https:\/\/www.lauriecornillon.com\/wp-content\/uploads\/sites\/5\/2021\/03\/galerie-147-1280x1918.jpg 1280w, https:\/\/www.lauriecornillon.com\/wp-content\/uploads\/sites\/5\/2021\/03\/galerie-147-980x1469.jpg 980w, https:\/\/www.lauriecornillon.com\/wp-content\/uploads\/sites\/5\/2021\/03\/galerie-147-480x719.jpg 480w\" data-sizes=\"auto\" class=\"wp-image-29141 lazyload\" title=\"gallery-147\" alt=\"Wedding photography Cannes\" src=\"data:image\/svg+xml;base64,PHN2ZyB3aWR0aD0iMSIgaGVpZ2h0PSIxIiB4bWxucz0iaHR0cDovL3d3dy53My5vcmcvMjAwMC9zdmciPjwvc3ZnPg==\" style=\"--smush-placeholder-width: 1668px; --smush-placeholder-aspect-ratio: 1668\/2500;\" data-original-sizes=\"(min-width: 0px) and (max-width: 480px) 480px, (min-width: 481px) and (max-width: 980px) 980px, (min-width: 981px) and (max-width: 1280px) 1280px, (min-width: 1281px) 1668px, 100vw\" \/><\/span><\/div><\/div><div class=\"et_pb_column_13 et_pb_column et_pb_column_1_3 et-last-child et_block_column et_pb_css_mix_blend_mode_passthrough\"><div class=\"et_pb_image_6 et_pb_image et_pb_module et_block_module\"><span class=\"et_pb_image_wrap\"><img decoding=\"async\" data-src=\"https:\/\/www.lauriecornillon.com\/wp-content\/uploads\/sites\/5\/2021\/04\/photographe-mariage-de-prestige-antibes.jpg\" width=\"1709\" height=\"2560\" data-srcset=\"https:\/\/www.lauriecornillon.com\/wp-content\/uploads\/sites\/5\/2021\/04\/photographe-mariage-de-prestige-antibes.jpg 1709w, https:\/\/www.lauriecornillon.com\/wp-content\/uploads\/sites\/5\/2021\/04\/photographe-mariage-de-prestige-antibes-1280x1917.jpg 1280w, https:\/\/www.lauriecornillon.com\/wp-content\/uploads\/sites\/5\/2021\/04\/photographe-mariage-de-prestige-antibes-980x1468.jpg 980w, https:\/\/www.lauriecornillon.com\/wp-content\/uploads\/sites\/5\/2021\/04\/photographe-mariage-de-prestige-antibes-480x719.jpg 480w\" data-sizes=\"auto\" class=\"wp-image-17567 lazyload\" title=\"Prestige Wedding Photographer Cannes\" alt=\"Prestige Wedding Photographer Cannes\" src=\"data:image\/svg+xml;base64,PHN2ZyB3aWR0aD0iMSIgaGVpZ2h0PSIxIiB4bWxucz0iaHR0cDovL3d3dy53My5vcmcvMjAwMC9zdmciPjwvc3ZnPg==\" style=\"--smush-placeholder-width: 1709px; --smush-placeholder-aspect-ratio: 1709\/2560;\" data-original-sizes=\"(min-width: 0px) and (max-width: 480px) 480px, (min-width: 481px) and (max-width: 980px) 980px, (min-width: 981px) and (max-width: 1280px) 1280px, (min-width: 1281px) 1709px, 100vw\" \/><\/span><\/div><\/div><\/div><\/div>","protected":false},"excerpt":{"rendered":"","protected":false},"author":1,"featured_media":0,"parent":0,"menu_order":0,"comment_status":"closed","ping_status":"closed","template":"","meta":{"footnotes":""},"class_list":["post-29346","page","type-page","status-publish","hentry"],"_links":{"self":[{"href":"https:\/\/www.lauriecornillon.com\/en\/wp-json\/wp\/v2\/pages\/29346","targetHints":{"allow":["GET"]}}],"collection":[{"href":"https:\/\/www.lauriecornillon.com\/en\/wp-json\/wp\/v2\/pages"}],"about":[{"href":"https:\/\/www.lauriecornillon.com\/en\/wp-json\/wp\/v2\/types\/page"}],"author":[{"embeddable":true,"href":"https:\/\/www.lauriecornillon.com\/en\/wp-json\/wp\/v2\/users\/1"}],"replies":[{"embeddable":true,"href":"https:\/\/www.lauriecornillon.com\/en\/wp-json\/wp\/v2\/comments?post=29346"}],"version-history":[{"count":0,"href":"https:\/\/www.lauriecornillon.com\/en\/wp-json\/wp\/v2\/pages\/29346\/revisions"}],"wp:attachment":[{"href":"https:\/\/www.lauriecornillon.com\/en\/wp-json\/wp\/v2\/media?parent=29346"}],"curies":[{"name":"wp","href":"https:\/\/api.w.org\/{rel}","templated":true}]}}