{"id":16316,"date":"2021-02-27T22:22:08","date_gmt":"2021-02-27T21:22:08","guid":{"rendered":"http:\/\/www.lauriecornillon.com\/?page_id=16316"},"modified":"2026-03-03T17:09:38","modified_gmt":"2026-03-03T16:09:38","slug":"appoggi","status":"publish","type":"page","link":"https:\/\/www.lauriecornillon.com\/it\/mentions-legales\/","title":{"rendered":"Informazioni legali"},"content":{"rendered":"<div class=\"et_pb_section_0 et_pb_section et_section_regular et_block_section\"><div class=\"et_pb_row_0 et_pb_row et_block_row\"><div class=\"et_pb_column_0 et_pb_column et_pb_column_4_4 et-last-child et_block_column et_pb_css_mix_blend_mode_passthrough\"><div class=\"et_pb_text_0 et_pb_text et_pb_bg_layout_light et_pb_module et_block_module\"><div class=\"et_pb_text_inner\"><h2 style=\"text-align: center;\">Informazioni legali<\/h2>\n<h3>1. Presentazione del sito.<\/h3>\n<p>Ai sensi dell'articolo 6 della legge n. 2004-575 del 21 giugno 2004 sulla fiducia nell'economia digitale, gli utenti del sito sono informati che <a href=\"https:\/\/www.lauriecornillon.com\/it\/\">www.lauriecornillon.com<\/a> l'identit\u00e0 delle varie parti coinvolte nella sua attuazione e nel suo monitoraggio:<\/p>\n<p><strong>Proprietario<\/strong> Laurie Cornillon - 80808908000028 - 43 chemin du val d'anaud 06500 Mentone<\/p>\n<p><strong>Creatore<\/strong> : <a href=\"https:\/\/www.lauriecornillon.com\/it\/\">Laurie Cornillon<\/a><\/p>\n<p><strong>Responsabile della pubblicazione<\/strong> : Laurie Cornillon - hello@lauriecornillon.com<\/p>\n<p>Il responsabile della pubblicazione \u00e8 una persona fisica o giuridica.<\/p>\n<p><strong>Webmaster<\/strong> : Laurie Cornillon - hello@lauriecornillon.com<\/p>\n<p><strong>Ospite<\/strong> OVH - 2 Rue Kellermann 59100 Roubaix<\/p>\n<p>Crediti:<\/p>\n<p>Il modello di avviso legale \u00e8 offerto da Subdelirium.com <a target=\"_blank\" href=\"https:\/\/www.subdelirium.com\/generateur-de-mentions-legales\/\" alt=\"generateur de mentions l\u00e9gales\" rel=\"noopener nofollow\">Generatore di informazioni legali<\/a><\/p>\n<h3>2. Condizioni generali di utilizzo del sito e dei servizi offerti.<\/h3>\n<p>L'utilizzo del sito <a href=\"https:\/\/www.lauriecornillon.com\/it\/\">www.lauriecornillon.com<\/a> implica la piena e completa accettazione delle condizioni generali di utilizzo descritte di seguito. Le presenti condizioni di utilizzo possono essere modificate o integrate in qualsiasi momento, dagli utenti del sito <a href=\"https:\/\/www.lauriecornillon.com\/it\/\">www.lauriecornillon.com<\/a> sono pertanto invitati a consultarli regolarmente.<\/p>\n<p>Questo sito \u00e8 normalmente accessibile agli utenti in qualsiasi momento. Tuttavia, Laurie Cornillon pu\u00f2 decidere di interrompere il sito per motivi di manutenzione tecnica; in tal caso, Laurie Cornillon si impegna a informare in anticipo gli utenti sulle date e gli orari dell'intervento.<\/p>\n<p>Il sito <a href=\"https:\/\/www.lauriecornillon.com\/it\/\">www.lauriecornillon.com<\/a> \u00e8 regolarmente aggiornato da Laurie Cornillon. Allo stesso modo, le note legali possono essere modificate in qualsiasi momento: esse sono comunque vincolanti per l'utente, che \u00e8 invitato a consultarle il pi\u00f9 spesso possibile per prenderne atto.<\/p>\n<h3>3. Descrizione dei servizi forniti.<\/h3>\n<p>Il sito <a href=\"https:\/\/www.lauriecornillon.com\/it\/\">www.lauriecornillon.com<\/a> \u00e8 quello di fornire informazioni su tutte le attivit\u00e0 dell'azienda.<\/p>\n<p>Laurie Cornillon si impegna a fornire sul sito <a href=\"https:\/\/www.lauriecornillon.com\/it\/\">www.lauriecornillon.com<\/a> informazioni il pi\u00f9 possibile accurate. Tuttavia, non pu\u00f2 essere ritenuta responsabile di omissioni, imprecisioni e carenze di aggiornamento, siano esse imputabili a lei o ai partner terzi che le forniscono tali informazioni.<\/p>\n<p>Tutte le informazioni sul sito web <a href=\"https:\/\/www.lauriecornillon.com\/it\/\">www.lauriecornillon.com<\/a> sono forniti a titolo informativo e sono soggetti a modifiche. Inoltre, le informazioni presenti sul sito <a href=\"https:\/\/www.lauriecornillon.com\/it\/\">www.lauriecornillon.com<\/a> non sono esaustivi. I dati sono forniti con riserva di modifiche apportate dopo la loro messa in linea.<\/p>\n<h3>4. Limitazioni contrattuali sui dati tecnici.<\/h3>\n<p>Il sito utilizza la tecnologia JavaScript.<\/p>\n<p>Il sito non pu\u00f2 essere ritenuto responsabile di danni materiali legati all'utilizzo del sito. Inoltre, l'utente del sito si impegna ad accedervi con apparecchiature recenti, prive di virus e con un browser aggiornato all'ultima generazione.<\/p>\n<h3>5. Propriet\u00e0 intellettuale e contraffazione.<\/h3>\n<p>Laurie Cornillon \u00e8 titolare dei diritti di propriet\u00e0 intellettuale o detiene i diritti di utilizzo di tutti gli elementi accessibili sul sito, in particolare testi, immagini, grafici, loghi, icone, suoni e software.<\/p>\n<p>\u00c8 vietata la riproduzione, la rappresentazione, la modifica, la pubblicazione, l'adattamento di tutti o parte degli elementi del sito, qualunque sia il mezzo o il procedimento utilizzato, salvo previa autorizzazione scritta di : Laurie Cornillon.<\/p>\n<p>Qualsiasi utilizzo non autorizzato del sito o di uno qualsiasi degli elementi in esso contenuti sar\u00e0 considerato come una violazione e sar\u00e0 perseguito secondo le disposizioni degli articoli L.335-2 e seguenti del Codice della Propriet\u00e0 Intellettuale.<\/p>\n<h3>6. Limitazioni di responsabilit\u00e0.<\/h3>\n<p>Laurie Cornillon non potr\u00e0 essere ritenuta responsabile dei danni diretti e indiretti causati alle apparecchiature dell'utente durante l'accesso al sito www.lauriecornillon.com e derivanti sia dall'utilizzo di apparecchiature non conformi alle specifiche indicate al punto 4, sia dalla comparsa di un bug o di un'incompatibilit\u00e0.<\/p>\n<p>Laurie Cornillon non pu\u00f2 essere ritenuta responsabile per eventuali danni indiretti (come la perdita di mercato o di opportunit\u00e0) derivanti dall'uso del sito. <a href=\"https:\/\/www.lauriecornillon.com\/it\/\">www.lauriecornillon.com<\/a>.<\/p>\n<p>Gli spazi interattivi (possibilit\u00e0 di porre domande nell'area di contatto) sono a disposizione degli utenti. Laurie Cornillon si riserva il diritto di eliminare, senza preavviso, qualsiasi contenuto pubblicato in quest'area che violi la legislazione applicabile in Francia, in particolare le disposizioni relative alla protezione dei dati. Ove applicabile, Laurie Cornillon si riserva inoltre la possibilit\u00e0 di chiamare in causa la responsabilit\u00e0 civile e\/o penale dell'utente, in particolare in caso di messaggi di natura razzista, ingiuriosa, diffamatoria o pornografica, indipendentemente dal mezzo utilizzato (testo, fotografie, ecc.).<\/p>\n<h3>7. Gestione dei dati personali.<\/h3>\n<p>In Francia, i dati personali sono protetti dalla legge n. 78-87 del 6 gennaio 1978, dalla legge n. 2004-801 del 6 agosto 2004, dall'articolo L. 226-13 del Codice penale e dalla Direttiva europea del 24 ottobre 1995.<\/p>\n<p>Quando si utilizza il sito <a href=\"https:\/\/www.lauriecornillon.com\/it\/\">www.lauriecornillon.com<\/a>Possono essere raccolti i seguenti dati: l'URL dei link attraverso i quali l'utente ha avuto accesso al sito <a href=\"https:\/\/www.lauriecornillon.com\/it\/\">www.lauriecornillon.com<\/a>L'indirizzo del protocollo Internet (IP) dell'utente.<\/p>\n<p>In ogni caso, Laurie Cornillon raccoglie informazioni personali relative all'utente solo ai fini di determinati servizi offerti dal sito <a href=\"https:\/\/www.lauriecornillon.com\/it\/\">www.lauriecornillon.com<\/a>. L'utente fornisce queste informazioni con cognizione di causa, in particolare quando le inserisce. Viene quindi specificato all'utente del sito <a href=\"https:\/\/www.lauriecornillon.com\/it\/\">www.lauriecornillon.com<\/a> l'obbligo di fornire queste informazioni.<\/p>\n<p>Conformemente alle disposizioni degli articoli 38 e seguenti della legge 78-17 del 6 gennaio 1978 relativa all'informatica, ai file e alle libert\u00e0, ogni utente dispone di un diritto di accesso, di rettifica e di opposizione ai dati personali che lo riguardano, presentando una richiesta scritta e firmata, accompagnata da una copia della carta d'identit\u00e0 con firma del titolare del documento, specificando l'indirizzo al quale deve essere inviata la risposta.<\/p>\n<p>Nessuna informazione personale dell'utente del sito <a href=\"https:\/\/www.lauriecornillon.com\/it\/\">www.lauriecornillon.com<\/a> viene pubblicato all'insaputa dell'utente, scambiato, trasferito, assegnato o venduto su qualsiasi supporto a terzi. Solo l'ipotesi di riacquisto di Laurie Cornillon e dei suoi diritti consentirebbe la trasmissione delle suddette informazioni all'eventuale acquirente, che sarebbe a sua volta tenuto allo stesso obbligo di conservazione e modifica dei dati nei confronti dell'utente del sito. <a href=\"https:\/\/www.lauriecornillon.com\/it\/\">www.lauriecornillon.com<\/a>.<\/p>\n<p>Il sito non \u00e8 dichiarato alla CNIL perch\u00e9 non raccoglie informazioni personali.<\/p>\n<p>Le banche dati sono protette dalle disposizioni della legge del 1\u00b0 luglio 1998 che recepisce la direttiva 96\/9 dell'11 marzo 1996 sulla tutela giuridica delle banche dati.<\/p>\n<h3>8. Collegamenti ipertestuali e cookie.<\/h3>\n<p>Il sito <a href=\"https:\/\/www.lauriecornillon.com\/it\/\">www.lauriecornillon.com<\/a> contiene un certo numero di collegamenti ipertestuali ad altri siti, creati con l'autorizzazione di Laurie Cornillon. Tuttavia, Laurie Cornillon non ha la possibilit\u00e0 di controllare il contenuto dei siti cos\u00ec visitati e di conseguenza non si assume alcuna responsabilit\u00e0 in merito.<\/p>\n<p>Navigazione nel sito <a href=\"https:\/\/www.lauriecornillon.com\/it\/\">www.lauriecornillon.com<\/a> pu\u00f2 causare l'installazione di cookie sul computer dell'utente. Un cookie \u00e8 un piccolo file che non consente di identificare l'utente, ma che registra informazioni relative alla navigazione di un computer su un sito. I dati cos\u00ec ottenuti hanno lo scopo di agevolare la successiva navigazione sul sito, nonch\u00e9 di consentire varie misure di frequentazione.<\/p>\n<p>Il rifiuto di installare un cookie pu\u00f2 rendere impossibile l'accesso a determinati servizi. Tuttavia, l'utente pu\u00f2 configurare il proprio computer nel modo seguente per rifiutare l'installazione dei cookie:<\/p>\n<p>In Internet Explorer: scheda Strumenti (icona a forma di ingranaggio in alto a destra) \/ Opzioni Internet. Cliccate su Privacy e scegliete Blocca tutti i cookie. Convalidare su Ok.<\/p>\n<p>In Firefox: nella parte superiore della finestra del browser, fare clic sul pulsante Firefox, quindi accedere alla scheda Opzioni. Fare clic sulla scheda Privacy.<\/p>\n<p>Impostare le Regole di conservazione su: utilizzare le impostazioni personalizzate per la cronologia. Infine, deselezionatelo per disabilitare i cookie.<\/p>\n<p>In Safari: cliccate sull'icona del menu (simboleggiata da un ingranaggio) in alto a destra del browser. Selezionare Impostazioni. Fare clic su Mostra impostazioni avanzate. Nella sezione \"Privacy\", fare clic su \"Impostazioni dei contenuti\". Nella sezione \"Cookie\" \u00e8 possibile bloccare i cookie.<\/p>\n<p>In Chrome: fare clic sull'icona del menu (simboleggiata da tre linee orizzontali) in alto a destra del browser. Selezionare Impostazioni. Fare clic su Mostra impostazioni avanzate. Nella sezione \"Privacy\", fare clic su preferenze. Nella scheda \"Privacy\" \u00e8 possibile bloccare i cookie.<\/p>\n<h3>9. Legge applicabile e giurisdizione.<\/h3>\n<p>Qualsiasi controversia relativa all'utilizzo del sito <a href=\"https:\/\/www.lauriecornillon.com\/it\/\">www.lauriecornillon.com<\/a> \u00e8 soggetto alla legge francese. I tribunali competenti di Parigi hanno giurisdizione esclusiva.<\/p>\n<h3>10. Le principali leggi coinvolte.<\/h3>\n<p>Legge n. 78-17 del 6 gennaio 1978, modificata dalla legge n. 2004-801 del 6 agosto 2004 sull'informatica, i file e le libert\u00e0.<\/p>\n<p>Legge n. 2004-575 del 21 giugno 2004 per la fiducia nell'economia digitale.<\/p>\n<h3>11. Lessico.<\/h3>\n<p>Utente: utente di Internet che si collega e utilizza il sito di cui sopra.<\/p>\n<p>Informazioni personali: \"informazioni che consentono, in qualsiasi forma, direttamente o indirettamente, l'identificazione delle persone fisiche cui si riferiscono\" (articolo 4 della legge n. 78-17 del 6 gennaio 1978).<\/p>\n<\/div><\/div><div class=\"et_pb_text_1 et_pb_text et_pb_bg_layout_light et_pb_module et_block_module\"><div class=\"et_pb_text_inner\"><p>Esplora il <a href=\"https:\/\/www.kayak.fr\/Menton.45983.guide\" rel=\"nofollow noopener\" target=\"_blank\">Guida turistica di Mentone<\/a> per ulteriori idee.<\/p>\n<\/div><\/div><\/div><\/div><\/div>","protected":false},"excerpt":{"rendered":"","protected":false},"author":1,"featured_media":0,"parent":0,"menu_order":0,"comment_status":"closed","ping_status":"closed","template":"","meta":{"footnotes":""},"class_list":["post-16316","page","type-page","status-publish","hentry"],"_links":{"self":[{"href":"https:\/\/www.lauriecornillon.com\/it\/wp-json\/wp\/v2\/pages\/16316","targetHints":{"allow":["GET"]}}],"collection":[{"href":"https:\/\/www.lauriecornillon.com\/it\/wp-json\/wp\/v2\/pages"}],"about":[{"href":"https:\/\/www.lauriecornillon.com\/it\/wp-json\/wp\/v2\/types\/page"}],"author":[{"embeddable":true,"href":"https:\/\/www.lauriecornillon.com\/it\/wp-json\/wp\/v2\/users\/1"}],"replies":[{"embeddable":true,"href":"https:\/\/www.lauriecornillon.com\/it\/wp-json\/wp\/v2\/comments?post=16316"}],"version-history":[{"count":0,"href":"https:\/\/www.lauriecornillon.com\/it\/wp-json\/wp\/v2\/pages\/16316\/revisions"}],"wp:attachment":[{"href":"https:\/\/www.lauriecornillon.com\/it\/wp-json\/wp\/v2\/media?parent=16316"}],"curies":[{"name":"wp","href":"https:\/\/api.w.org\/{rel}","templated":true}]}}