{"id":18418,"date":"2021-05-21T18:23:56","date_gmt":"2021-05-21T16:23:56","guid":{"rendered":"https:\/\/www.lauriecornillon.com\/?p=18418"},"modified":"2026-03-03T17:11:41","modified_gmt":"2026-03-03T16:11:41","slug":"fotografo-di-matrimonio-civile","status":"publish","type":"page","link":"https:\/\/www.lauriecornillon.com\/it\/photographe-mariage-civil\/","title":{"rendered":"Fotografo di matrimonio civile"},"content":{"rendered":"<div class=\"et_pb_section_0 et_pb_section et_section_regular et_block_section\"><div class=\"et_pb_row_0 et_pb_row et_block_row\"><div class=\"et_pb_column_0 et_pb_column et_pb_column_4_4 et-last-child et_block_column et_pb_css_mix_blend_mode_passthrough\"><div class=\"et_pb_text_0 et_pb_text et_pb_bg_layout_light et_pb_module et_block_module et_pb_text_align_center\"><div class=\"et_pb_text_inner\"><h1>Fotografo di matrimonio civile<\/h1>\n<\/div><\/div><div class=\"et_pb_image_0 et_pb_image et_pb_module et_block_module\"><span class=\"et_pb_image_wrap\"><img decoding=\"async\" data-src=\"https:\/\/www.lauriecornillon.com\/wp-content\/uploads\/sites\/5\/2021\/02\/photographe-mariage-villefranche-sur-mer.jpg\" title=\"Fotografo di matrimonio Villefranche sur mer\" width=\"2560\" height=\"1709\" data-sizes=\"(max-width: 2560px) 100vw, 2560px\" class=\"wp-image-16653 lazyload\" src=\"data:image\/svg+xml;base64,PHN2ZyB3aWR0aD0iMSIgaGVpZ2h0PSIxIiB4bWxucz0iaHR0cDovL3d3dy53My5vcmcvMjAwMC9zdmciPjwvc3ZnPg==\" style=\"--smush-placeholder-width: 2560px; --smush-placeholder-aspect-ratio: 2560\/1709;\" \/><\/span><\/div><\/div><\/div><\/div><div class=\"et_pb_section_1 et_pb_section et_section_regular et_block_section\"><div class=\"et_pb_row_1 et_pb_row et_block_row\"><div class=\"et_pb_column_1 et_pb_column et_pb_column_4_4 et-last-child et_block_column et_pb_css_mix_blend_mode_passthrough\"><div class=\"et_pb_text_1 et_pb_text et_pb_bg_layout_light et_pb_module et_block_module\"><div class=\"et_pb_text_inner\"><p>Che sia semplice o grandiosa, la cerimonia civile \u00e8 sempre <strong>carico di emozioni<\/strong>. Questa fase del giorno del matrimonio trasforma una coppia di fidanzati in sposi. Spesso \u00e8 il primo atto che <strong>formalizza l'unione<\/strong>\u00a0e d\u00e0 alla sposa e allo sposo il diritto di avere una bellissima <strong>celebrazione in municipio<\/strong>.<\/p>\n<p>I fotografi di matrimonio hanno una bacchetta magica: possono <strong>vetrina<\/strong> qualsiasi ambiente, anche se il municipio non \u00e8 molto bello. Per ottenere questo risultato, giocano con l'illuminazione e la profondit\u00e0 di campo. Sono in grado di adattare i loro strumenti tecnici a qualsiasi situazione, senza modificare minimamente il risultato finale.<\/p>\n<p>Quindi, anche se il vostro municipio non \u00e8 magnifico, tutto ci\u00f2 che dovete fare \u00e8 <strong>Scegliere un fotografo professionista<\/strong> che <strong>adattare il proprio lavoro<\/strong> al luogo e all'evento.<\/p>\n<\/div><\/div><div class=\"et_pb_image_1 et_pb_image et_pb_module et_block_module\"><span class=\"et_pb_image_wrap\"><img decoding=\"async\" data-src=\"https:\/\/www.lauriecornillon.com\/wp-content\/uploads\/sites\/5\/2021\/03\/mariage-jade-thomas-68.jpg\" width=\"2560\" height=\"1709\" data-srcset=\"https:\/\/www.lauriecornillon.com\/wp-content\/uploads\/sites\/5\/2021\/03\/mariage-jade-thomas-68.jpg 2560w, https:\/\/www.lauriecornillon.com\/wp-content\/uploads\/sites\/5\/2021\/03\/mariage-jade-thomas-68-1280x855.jpg 1280w, https:\/\/www.lauriecornillon.com\/wp-content\/uploads\/sites\/5\/2021\/03\/mariage-jade-thomas-68-980x654.jpg 980w, https:\/\/www.lauriecornillon.com\/wp-content\/uploads\/sites\/5\/2021\/03\/mariage-jade-thomas-68-480x320.jpg 480w\" data-sizes=\"auto\" class=\"wp-image-17093 lazyload\" title=\"matrimonio-giada-tomas (68)\" src=\"data:image\/svg+xml;base64,PHN2ZyB3aWR0aD0iMSIgaGVpZ2h0PSIxIiB4bWxucz0iaHR0cDovL3d3dy53My5vcmcvMjAwMC9zdmciPjwvc3ZnPg==\" style=\"--smush-placeholder-width: 2560px; --smush-placeholder-aspect-ratio: 2560\/1709;\" data-original-sizes=\"(min-width: 0px) and (max-width: 480px) 480px, (min-width: 481px) and (max-width: 980px) 980px, (min-width: 981px) and (max-width: 1280px) 1280px, (min-width: 1281px) 2560px, 100vw\" \/><\/span><\/div><div class=\"et_pb_text_2 et_pb_text et_pb_bg_layout_light et_pb_module et_block_module\"><div class=\"et_pb_text_inner\"><h2>Svolgimento di una cerimonia nuziale presso il municipio<\/h2>\n<p>&nbsp;<\/p>\n<p>-\u00a0<strong>Ingresso della sposa<\/strong>\u00a0Al braccio del padre, la sposa fa il suo ingresso nel municipio, davanti agli occhi lacrimosi del futuro marito, che la scopre nel suo bellissimo abito da sposa. \u00c8 un momento magico da immortalare.<\/p>\n<p>-\u00a0<strong>Ricezione<\/strong>\u00a0Una volta arrivati, gli sposi vengono accolti dal Sindaco, che procede alla registrazione ufficiale della coppia (e alle formalit\u00e0 amministrative).<\/p>\n<p>-\u00a0<strong>Lettura di testi ufficiali<\/strong>\u00a0Il Sindaco legger\u00e0 i testi ufficiali, seguiti dalle promesse e dal consenso degli sposi. Il Sindaco chieder\u00e0 quindi agli sposi se desiderano prendere come marito la persona che hanno accanto e i futuri sposi si baceranno.<\/p>\n<p>-\u00a0<strong>Scambio di alleanze :<\/strong> La coppia metter\u00e0 poi l'anello al dito del partner.<\/p>\n<p>-\u00a0<strong>Firme :<\/strong> Il Sindaco impartir\u00e0 poi la sua benedizione agli sposi prima che i testimoni vengano a firmare il registro del matrimonio civile. I testimoni firmeranno quindi i registri di matrimonio e si alzeranno per lasciare spazio alla firma degli sposi. Il Sindaco si congeder\u00e0 augurando agli sposi felicit\u00e0.<\/p>\n<p>-\u00a0<strong>L'uscita dal municipio :<\/strong> L'inevitabile momento di gioia e frenesia: \"Viva gli sposi!<\/p>\n<\/div><\/div><div class=\"et_pb_image_2 et_pb_image et_pb_module et_block_module\"><span class=\"et_pb_image_wrap\"><img decoding=\"async\" data-src=\"https:\/\/www.lauriecornillon.com\/wp-content\/uploads\/sites\/5\/2021\/03\/mariage-jade-thomas-25.jpg\" width=\"2560\" height=\"1709\" data-srcset=\"https:\/\/www.lauriecornillon.com\/wp-content\/uploads\/sites\/5\/2021\/03\/mariage-jade-thomas-25.jpg 2560w, https:\/\/www.lauriecornillon.com\/wp-content\/uploads\/sites\/5\/2021\/03\/mariage-jade-thomas-25-1280x855.jpg 1280w, https:\/\/www.lauriecornillon.com\/wp-content\/uploads\/sites\/5\/2021\/03\/mariage-jade-thomas-25-980x654.jpg 980w, https:\/\/www.lauriecornillon.com\/wp-content\/uploads\/sites\/5\/2021\/03\/mariage-jade-thomas-25-480x320.jpg 480w\" data-sizes=\"auto\" class=\"wp-image-17091 lazyload\" title=\"matrimonio-giada-tomas (25)\" src=\"data:image\/svg+xml;base64,PHN2ZyB3aWR0aD0iMSIgaGVpZ2h0PSIxIiB4bWxucz0iaHR0cDovL3d3dy53My5vcmcvMjAwMC9zdmciPjwvc3ZnPg==\" style=\"--smush-placeholder-width: 2560px; --smush-placeholder-aspect-ratio: 2560\/1709;\" data-original-sizes=\"(min-width: 0px) and (max-width: 480px) 480px, (min-width: 481px) and (max-width: 980px) 980px, (min-width: 981px) and (max-width: 1280px) 1280px, (min-width: 1281px) 2560px, 100vw\" \/><\/span><\/div><div class=\"et_pb_text_3 et_pb_text et_pb_bg_layout_light et_pb_module et_block_module\"><div class=\"et_pb_text_inner\"><h2><\/h2>\n<h2>Fotografare una cerimonia civile<\/h2>\n<p>&nbsp;<\/p>\n<p>\u00c8 sempre <strong>un onore<\/strong> di essere invitati a partecipare a un'occasione cos\u00ec speciale. La cosa pi\u00f9 importante \u00e8 prendere tutte le precauzioni necessarie.<strong> le foto ufficiali<\/strong>ma \u00e8 anche importante catturare <strong>fotografie spontanee<\/strong>. Ne avrete bisogno quando, tra qualche anno, ripenserete a questo giorno e ricorderete quanto \u00e8 stato bello...<\/p>\n<p>Gli sposi sono in piedi davanti al sindaco, si guardano negli occhi, sorridono e si godono il momento. Hanno appena'<strong>scambio di auguri<\/strong> di passare il resto della loro vita insieme con un segno che dice \u00ablo voglio\u00bb. Il fotografo si sforza di <strong>catturare ogni dettaglio di questo giorno speciale<\/strong> affinch\u00e9 non venga mai dimenticato.<\/p>\n<p>Durante questo momento speciale, possono prendere forma i primi sentimenti forti, che siano i vostri o quelli degli ospiti presenti. Sono questi <strong>emozioni<\/strong> che il fotografo di matrimonio ha il compito di immortalare.<\/p>\n<p>Sono molte le emozioni che si possono provare in quel giorno, e il vostro fotografo \u00e8 l\u00ec per immortalarle in foto che rimarranno indimenticabili.<\/p>\n<p>Il matrimonio civile \u00e8 un rito che rende ufficiale la vostra unione e segna l'inizio ufficiale della vostra vita insieme. Dall'ingresso della sposa allo scambio degli anelli e al primo bacio degli sposi, tutti i momenti importanti saranno immortalati.<\/p>\n<p>&nbsp;<\/p>\n<\/div><\/div><div class=\"et_pb_image_3 et_pb_image et_pb_module et_block_module\"><span class=\"et_pb_image_wrap\"><img decoding=\"async\" data-src=\"https:\/\/www.lauriecornillon.com\/wp-content\/uploads\/sites\/5\/2021\/02\/photographe-mariage-biot.jpg\" width=\"2560\" height=\"1709\" data-sizes=\"(max-width: 2560px) 100vw, 2560px\" class=\"wp-image-16656 lazyload\" title=\"fotografo di matrimonio-biot\" alt=\"Fotografo di matrimonio professionista Antibes\" src=\"data:image\/svg+xml;base64,PHN2ZyB3aWR0aD0iMSIgaGVpZ2h0PSIxIiB4bWxucz0iaHR0cDovL3d3dy53My5vcmcvMjAwMC9zdmciPjwvc3ZnPg==\" style=\"--smush-placeholder-width: 2560px; --smush-placeholder-aspect-ratio: 2560\/1709;\" \/><\/span><\/div><div class=\"et_pb_text_4 et_pb_text et_pb_bg_layout_light et_pb_module et_block_module\"><div class=\"et_pb_text_inner\"><h2><span>L'importanza di scegliere il fotografo giusto per una cerimonia civile<\/span><\/h2>\n<p><span><\/span><\/p>\n<p>\u00c8 molto importante <strong>Scegliere un fotografo<\/strong> per una cerimonia civile. La cerimonia civile \u00e8 infatti un momento indimenticabile e un rito di passaggio. Il fotografo di matrimonio ha quindi una missione in questo caso, in quanto deve catturare <strong>emozioni forti e intense<\/strong> in un ambiente chiuso. Ecco alcuni criteri da considerare nella scelta del fotografo di matrimonio:<\/p>\n<p>-\u00a0<strong>L'esperienza del fotografo di matrimonio<\/strong>\u00a0\u00c8 importante scegliere un fotografo esperto e non un fotografo principiante o amatoriale. A <strong>fotografo esperto<\/strong> conoscer\u00e0 bene <strong>catturare le emozioni<\/strong>degli invitati e della sposa in quel momento. Grazie alla sua esperienza, un fotografo professionista non perder\u00e0 nemmeno un momento. Egli<strong>sapeva a memoria come condurre una cerimonia civile<\/strong>e sar\u00e0 sicuro di catturare tutti i momenti importanti della cerimonia. \u00c8 possibile <strong>fidarsi di lui<\/strong>Catturer\u00e0 la magia di ogni momento.<\/p>\n<p>-\u00a0<strong>La qualit\u00e0 del suo lavoro fotografico<\/strong>\u00a0\u00c8 fondamentale scegliere un fotografo che sia riconosciuto per la sua professionalit\u00e0 in questo campo, altrimenti sar\u00e0 difficile ottenere fotografie di qualit\u00e0. Fotografare matrimoni \u00e8 molto <strong>complesso<\/strong> e deve essere abituato a realizzare servizi fotografici di matrimonio ed essere in grado di gestire una situazione tecnicamente complessa.<\/p>\n<p>-\u00a0<strong>Il suo stile fotografico<\/strong>\u00a0\u00c8 molto importante scegliere un fotografo che corrisponda al vostro stile fotografico. Alcuni fotografi prediligono i ritratti in posa, mentre altri preferiscono scattare foto dal vivo per <strong>catturare l'atmosfera del momento<\/strong>. I fotografi abituati a scattare al volo saranno in grado di reagire e modificare le impostazioni molto rapidamente, il che rappresenta un vero vantaggio. <strong>un vantaggio<\/strong> per una cerimonia civile.<\/p>\n<p><span><\/span><\/p>\n<p><span><\/span><\/p>\n<\/div><\/div><div class=\"et_pb_image_4 et_pb_image et_pb_module et_block_module\"><span class=\"et_pb_image_wrap\"><img decoding=\"async\" data-src=\"https:\/\/www.lauriecornillon.com\/wp-content\/uploads\/sites\/5\/2021\/02\/photographe-mariage-nice-port.jpg\" width=\"2560\" height=\"1709\" data-sizes=\"(max-width: 2560px) 100vw, 2560px\" class=\"wp-image-16659 lazyload\" title=\"fotografo di matrimonio-nice-port\" alt=\"Fotografo di matrimonio professionista Antibes\" src=\"data:image\/svg+xml;base64,PHN2ZyB3aWR0aD0iMSIgaGVpZ2h0PSIxIiB4bWxucz0iaHR0cDovL3d3dy53My5vcmcvMjAwMC9zdmciPjwvc3ZnPg==\" style=\"--smush-placeholder-width: 2560px; --smush-placeholder-aspect-ratio: 2560\/1709;\" \/><\/span><\/div><div class=\"et_pb_text_5 et_pb_text et_pb_bg_layout_light et_pb_module et_block_module\"><div class=\"et_pb_text_inner\"><p>\u00a0<span>Questo \u00e8 il vostro giorno e <strong>vi meritate un fotografo di matrimonio civile esperto<\/strong> per adattarsi all'atmosfera unica del vostro evento. Con anni di esperienza nel fotografare matrimoni in municipio, so quanto sia importante questa cornice per molte coppie e sono abituato a catturare questi momenti in modo eccezionale. <strong>Contattatemi all'indirizzo<\/strong> per discutere del giorno pi\u00f9 bello della vostra vita.<\/span><\/p>\n<\/div><\/div><div class=\"et_pb_module et_pb_button_module_wrapper et_pb_button_0_wrapper\"><a class=\"et_pb_button_0 et_pb_button et_pb_bg_layout_light et_pb_module et_block_module\" href=\"https:\/\/www.lauriecornillon.com\/it\/contatto\/\">Contattatemi<\/a><\/div><\/div><\/div><\/div>","protected":false},"excerpt":{"rendered":"<p>Che sia semplice o grandiosa, la cerimonia civile \u00e8 sempre carica di emozioni. Questa fase del giorno del matrimonio trasforma una coppia di fidanzati in sposi. Spesso \u00e8 il primo atto che formalizza l'unione e d\u00e0 agli sposi il diritto a una bella festa in municipio.<\/p>","protected":false},"author":3,"featured_media":16653,"parent":0,"menu_order":0,"comment_status":"closed","ping_status":"closed","template":"","meta":{"footnotes":""},"class_list":["post-18418","page","type-page","status-publish","has-post-thumbnail","hentry"],"_links":{"self":[{"href":"https:\/\/www.lauriecornillon.com\/it\/wp-json\/wp\/v2\/pages\/18418","targetHints":{"allow":["GET"]}}],"collection":[{"href":"https:\/\/www.lauriecornillon.com\/it\/wp-json\/wp\/v2\/pages"}],"about":[{"href":"https:\/\/www.lauriecornillon.com\/it\/wp-json\/wp\/v2\/types\/page"}],"author":[{"embeddable":true,"href":"https:\/\/www.lauriecornillon.com\/it\/wp-json\/wp\/v2\/users\/3"}],"replies":[{"embeddable":true,"href":"https:\/\/www.lauriecornillon.com\/it\/wp-json\/wp\/v2\/comments?post=18418"}],"version-history":[{"count":0,"href":"https:\/\/www.lauriecornillon.com\/it\/wp-json\/wp\/v2\/pages\/18418\/revisions"}],"wp:featuredmedia":[{"embeddable":true,"href":"https:\/\/www.lauriecornillon.com\/it\/wp-json\/wp\/v2\/media\/16653"}],"wp:attachment":[{"href":"https:\/\/www.lauriecornillon.com\/it\/wp-json\/wp\/v2\/media?parent=18418"}],"curies":[{"name":"wp","href":"https:\/\/api.w.org\/{rel}","templated":true}]}}