{"id":29346,"date":"2022-07-19T19:37:31","date_gmt":"2022-07-19T17:37:31","guid":{"rendered":"https:\/\/www.lauriecornillon.com\/?page_id=29346"},"modified":"2026-03-03T17:11:47","modified_gmt":"2026-03-03T16:11:47","slug":"fotografo-matrimonio-provence","status":"publish","type":"page","link":"https:\/\/www.lauriecornillon.com\/it\/photographe-mariage-provence\/","title":{"rendered":"Fotografo di matrimonio in Provenza"},"content":{"rendered":"<div class=\"et_pb_section_0 et_pb_section et_pb_fullwidth_section et_section_regular et_block_section\"><\/div><div class=\"et_pb_section_1 et_pb_section et_section_regular et_block_section\"><div class=\"et_pb_row_0 et_pb_row et_block_row\"><div class=\"et_pb_column_0 et_pb_column et_pb_column_4_4 et-last-child et_block_column et_pb_css_mix_blend_mode_passthrough\"><div class=\"et_pb_image_0 et_pb_image et_pb_module et_block_module\"><span class=\"et_pb_image_wrap\"><img decoding=\"async\" data-src=\"https:\/\/www.lauriecornillon.com\/wp-content\/smush-webp\/sites\/5\/2021\/02\/wedding-photographer-icon-4-gold.png.webp\" width=\"32\" height=\"32\" data-sizes=\"(max-width: 32px) 100vw, 32px\" class=\"wp-image-35 lazyload\" title=\"matrimonio-fotografo-icona-4-oro\" src=\"data:image\/svg+xml;base64,PHN2ZyB3aWR0aD0iMSIgaGVpZ2h0PSIxIiB4bWxucz0iaHR0cDovL3d3dy53My5vcmcvMjAwMC9zdmciPjwvc3ZnPg==\" style=\"--smush-placeholder-width: 32px; --smush-placeholder-aspect-ratio: 32\/32;\" \/><\/span><\/div><div class=\"et_pb_text_0 et_pb_text et_pb_bg_layout_light et_pb_module et_block_module et_pb_text_align_center\"><div class=\"et_pb_text_inner\"><p>Matrimonio<\/p>\n<\/div><\/div><div class=\"et_pb_text_1 et_pb_text et_pb_bg_layout_light et_pb_module et_block_module et_pb_text_align_center\"><div class=\"et_pb_text_inner\"><h1>Fotografo di matrimonio in Provenza<\/h1>\n<\/div><\/div><div class=\"et_pb_text_2 et_pb_text et_pb_bg_layout_light et_pb_module et_block_module et_pb_text_align_center\"><div class=\"et_pb_text_inner\"><h4>Salve, sono Laurie Cornillon<\/h4>\n<div class=\"col col-4 w-overlap-box\">\n<div class=\"col-inner\">\n<div class=\"w-text-block\"><\/div>\n<\/div>\n<\/div>\n<div class=\"col col-8\">\n<div class=\"col-inner\">Sono un fotografo professionista, artista e tecnico, specializzato in fotografia di matrimonio in Provenza. Catturo i momenti speciali e unici che hanno luogo durante un matrimonio e li immortalo per sempre. Grazie alla mia esperienza e alla mia creativit\u00e0, sono in grado di catturare immagini emozionali che riflettono l'amore e la gioia degli sposi nel giorno del loro matrimonio.<\/div>\n<div class=\"col-inner\">La bellezza naturale della regione offre una cornice idilliaca per ogni occasione, ma anche un'atmosfera romantica per immortalare i sentimenti reciproci delle coppie.<\/div>\n<\/div>\n<\/div><\/div><\/div><\/div><\/div><div class=\"et_pb_section_2 et_pb_section et_section_regular et_block_section\"><div class=\"et_pb_row_1 et_pb_row et_block_row\"><div class=\"et_pb_column_1 et_pb_column et_pb_column_4_4 et-last-child et_block_column et_pb_css_mix_blend_mode_passthrough\"><div class=\"et_pb_image_1 et_pb_image et_pb_module et_block_module\"><span class=\"et_pb_image_wrap\"><img decoding=\"async\" data-src=\"https:\/\/www.lauriecornillon.com\/wp-content\/uploads\/sites\/5\/2022\/07\/mariage-caroline-sylvain-58.jpg\" width=\"2500\" height=\"1669\" data-srcset=\"https:\/\/www.lauriecornillon.com\/wp-content\/uploads\/sites\/5\/2022\/07\/mariage-caroline-sylvain-58.jpg 2500w, https:\/\/www.lauriecornillon.com\/wp-content\/uploads\/sites\/5\/2022\/07\/mariage-caroline-sylvain-58-1280x855.jpg 1280w, https:\/\/www.lauriecornillon.com\/wp-content\/uploads\/sites\/5\/2022\/07\/mariage-caroline-sylvain-58-980x654.jpg 980w, https:\/\/www.lauriecornillon.com\/wp-content\/uploads\/sites\/5\/2022\/07\/mariage-caroline-sylvain-58-480x320.jpg 480w\" data-sizes=\"auto\" class=\"wp-image-28896 lazyload\" title=\"matrimonio-caroline-sylvain-58\" src=\"data:image\/svg+xml;base64,PHN2ZyB3aWR0aD0iMSIgaGVpZ2h0PSIxIiB4bWxucz0iaHR0cDovL3d3dy53My5vcmcvMjAwMC9zdmciPjwvc3ZnPg==\" style=\"--smush-placeholder-width: 2500px; --smush-placeholder-aspect-ratio: 2500\/1669;\" data-original-sizes=\"(min-width: 0px) and (max-width: 480px) 480px, (min-width: 481px) and (max-width: 980px) 980px, (min-width: 981px) and (max-width: 1280px) 1280px, (min-width: 1281px) 2500px, 100vw\" \/><\/span><\/div><div class=\"et_pb_text_3 et_pb_text et_pb_bg_layout_light et_pb_module et_block_module\"><div class=\"et_pb_text_inner\"><h2 style=\"text-align: center;\" class=\"police\">Il reportage fotografico del vostro matrimonio in Provenza<\/h2>\n<\/div><\/div><\/div><\/div><div class=\"et_pb_row_2 et_pb_row et_block_row\"><div class=\"et_pb_column_2 et_pb_column et_pb_column_4_4 et-last-child et_block_column et_pb_css_mix_blend_mode_passthrough\"><div class=\"et_pb_text_4 et_pb_text et_pb_bg_layout_light et_pb_module et_block_module\"><div class=\"et_pb_text_inner\"><p>La Provenza \u00e8 una magnifica regione nel sud della Francia e uno dei luoghi pi\u00f9 belli al mondo in cui celebrare un matrimonio. Gli ospiti rimarranno estasiati dalla bellezza della <a href=\"https:\/\/www.lauriecornillon.com\/it\/portfolios\/\">paesaggi<\/a>, Vi innamorerete dei deliziosi piatti locali e dell'affascinante atmosfera del Sud della Francia. Per un matrimonio in Provenza, \u00e8 possibile scegliere tra una serie di magnifiche location, tra cui <a href=\"https:\/\/www.lauriecornillon.com\/it\/matrimonio-fotografo-saint-tropez\/\">Saint-Tropez<\/a>, Un villaggio famoso per il suo porto, le sue spiagge e la sua vita notturna, che ha attirato molti artisti, scrittori e celebrit\u00e0 fin dal XX secolo. Altri luoghi di interesse sono Martigues e Mentone, al confine tra Francia e Italia, a pochi chilometri dal Principato di Monaco. Questa cittadina \u00e8 soprannominata la Perla di Francia e gode di un clima mite e soleggiato, ideale per la coltivazione degli agrumi, tra cui il famoso limone di Mentone IGP. <a href=\"https:\/\/www.lauriecornillon.com\/it\/fotografo-di-matrimonio-2\/\">Mentone<\/a> ha un notevole patrimonio architettonico e culturale, con il suo centro storico dalle facciate colorate, la sua Basilica di Saint-Michel-Archange del XVII secolo, la sua festa del limone e la sua magnifica sala per matrimoni decorata da Cocteau.<\/p>\n<p>Tutte queste citt\u00e0 hanno molto da offrire ai futuri sposi e ai loro ospiti: paesaggi sublimi con campi di lavanda o vigneti verdeggianti, una gastronomia ricca e variegata con specialit\u00e0 meridionali come le tapenades o le ratatouilles... senza dimenticare la calda accoglienza del Sud.<\/p>\n<p>In questa regione soleggiata che da sempre ispira tanto amore, non saranno solo i romantici a trovare la felicit\u00e0: chiunque voglia trascorrere un momento indimenticabile in un ambiente idilliaco ne sar\u00e0 felice.<\/p>\n<p>Il Var \u00e8 una delle mete preferite per la celebrazione dei matrimoni. Molte coppie scelgono questa incantevole localit\u00e0 per il loro grande giorno. Ci sono molti posti bellissimi dove celebrare un matrimonio nel Var. I vigneti offrono scenari mozzafiato, come lo Ch\u00e2teau Ma\u00efme o lo Ch\u00e2teau du Font du Broc nel Var. <a href=\"https:\/\/www.lauriecornillon.com\/it\/fotografo-di-matrimonio-draguignan\/\">Draguignan<\/a>Le antiche bastides in pietra sono un sogno per gli amanti dell'architettura tradizionale provenzale. Circondati dalla natura e godendo del bel tempo che il Sud della Francia solitamente offre, non c'\u00e8 dubbio che la vostra unione sar\u00e0 indimenticabile. Sainte-Maxime, Grimaud, Saint-Rapha\u00ebl, Fr\u00e9jus, i nomi delle sublimi citt\u00e0 del Var C\u00f4te d'Azur non mancano. Sono luoghi da sogno per sposarsi.<\/p>\n<\/div><\/div><\/div><\/div><div class=\"et_pb_row_3 et_pb_row et_block_row\"><div class=\"et_pb_column_3 et_pb_column et_pb_column_4_4 et-last-child et_block_column et_pb_css_mix_blend_mode_passthrough\"><div class=\"et_pb_text_5 et_pb_text et_pb_bg_layout_light et_pb_module et_block_module\"><div class=\"et_pb_text_inner\"><p style=\"text-align: center;\">Grande conoscenza della regione<\/p>\n<\/div><\/div><div class=\"et_pb_text_6 et_pb_text et_pb_bg_layout_light et_pb_module et_block_module\"><div class=\"et_pb_text_inner\"><p>Sono un fotografo in Provenza specializzato in matrimoni. La Provenza \u00e8 un luogo bellissimo e c'\u00e8 molto da fotografare in questa regione sublime. I paesaggi, i colori, la luce... tutto questo rende la fotografia di matrimonio in Provenza davvero speciale. Mi sono formata come fotografa professionista pi\u00f9 di 10 anni fa, ma la mia passione per la fotografia \u00e8 nata molto prima. Ho sempre amato catturare l'attimo e documentare i miei viaggi attraverso le immagini. Questa passione si \u00e8 lentamente trasformata in un interesse professionale nel corso degli anni e sono diventata fotografa di matrimoni 8 anni fa. Essendo cresciuta nel sud-est della Francia, avevo gi\u00e0 avuto l'opportunit\u00e0 di viaggiare molto in questa regione prima ancora di iniziare la mia carriera di fotografa professionista.<\/p>\n<p>La mia conoscenza approfondita del territorio francese - in particolare quello del Var e del <a href=\"https:\/\/www.lauriecornillon.com\/it\/fotografo-di-matrimonio-cote-azur\/\">Costa Azzurra<\/a> - \u00e8 una risorsa importante che mi permette non solo di guidare efficacemente i miei clienti stranieri affinch\u00e9 possano godere appieno di questa magnifica regione provenzale.<\/p>\n<\/div><\/div><div class=\"et_pb_image_2 et_pb_image et_pb_module et_block_module\"><span class=\"et_pb_image_wrap\"><img decoding=\"async\" data-src=\"https:\/\/www.lauriecornillon.com\/wp-content\/uploads\/sites\/5\/2021\/03\/mariage-jade-thomas-1106.jpg\" width=\"2560\" height=\"1709\" data-srcset=\"https:\/\/www.lauriecornillon.com\/wp-content\/uploads\/sites\/5\/2021\/03\/mariage-jade-thomas-1106.jpg 2560w, https:\/\/www.lauriecornillon.com\/wp-content\/uploads\/sites\/5\/2021\/03\/mariage-jade-thomas-1106-1280x855.jpg 1280w, https:\/\/www.lauriecornillon.com\/wp-content\/uploads\/sites\/5\/2021\/03\/mariage-jade-thomas-1106-980x654.jpg 980w, https:\/\/www.lauriecornillon.com\/wp-content\/uploads\/sites\/5\/2021\/03\/mariage-jade-thomas-1106-480x320.jpg 480w\" data-sizes=\"auto\" class=\"wp-image-17168 lazyload\" title=\"matrimonio-giada-tomas (1106)\" src=\"data:image\/svg+xml;base64,PHN2ZyB3aWR0aD0iMSIgaGVpZ2h0PSIxIiB4bWxucz0iaHR0cDovL3d3dy53My5vcmcvMjAwMC9zdmciPjwvc3ZnPg==\" style=\"--smush-placeholder-width: 2560px; --smush-placeholder-aspect-ratio: 2560\/1709;\" data-original-sizes=\"(min-width: 0px) and (max-width: 480px) 480px, (min-width: 481px) and (max-width: 980px) 980px, (min-width: 981px) and (max-width: 1280px) 1280px, (min-width: 1281px) 2560px, 100vw\" \/><\/span><\/div><div class=\"et_pb_text_7 et_pb_text et_pb_bg_layout_light et_pb_module et_block_module\"><div class=\"et_pb_text_inner\"><p style=\"text-align: center;\">Il cuore delle emozioni<\/p>\n<\/div><\/div><div class=\"et_pb_text_8 et_pb_text et_pb_bg_layout_light et_pb_module et_block_module\"><div class=\"et_pb_text_inner\"><p>Il matrimonio \u00e8 un momento magico e unico nella vita di ogni coppia. Se avete deciso di sposarvi in Provenza, sar\u00f2 lieta di immortalare questo giorno memorabile attraverso le mie foto. La Provenza offre infatti una cornice idilliaca per un matrimonio: paesaggi meravigliosi, colori scintillanti e un'atmosfera festosa e amichevole.<\/p>\n<p>Tutto questo render\u00e0 senza dubbio il vostro matrimonio ancora pi\u00f9 speciale. Mi assicurer\u00f2 che le mie foto riflettano perfettamente l'atmosfera speciale della location del vostro matrimonio, in modo che possiate rivivere quel momento magico ogni volta che le guarderete. Inoltre, prester\u00f2 particolare attenzione alle espressioni facciali degli invitati per catturare la loro gioia e il loro buonumore, perch\u00e9 spesso \u00e8 questo che rende le foto di gruppo cos\u00ec commoventi.<\/p>\n<p>Una delle regioni pi\u00f9 belle della Francia \u00e8 senza dubbio la Provenza, e il Var in particolare. I nomi delle sue citt\u00e0 e dei suoi villaggi evocano sole, mare e vacanze: Saint-Tropez, Hy\u00e8res, Saint-Rapha\u00ebl, Cogolin, Fr\u00e9jus, Six-Fours-les-Plages... Ma chi ha avuto la fortuna di sposarsi in questi luoghi non mancher\u00e0 di citare anche Sainte-Maxime, Sanary-sur-Mer o Grimaud tra i posti pi\u00f9 belli per un'unione.<\/p>\n<p>Situato nel sud-est del dipartimento del Var, tra Fr\u00e9jus e Saint-Tropez, il comune di Sainte-Maxime offre una magnifica vista sulla Baie des Caroubiers. Qui si trovano alcuni dei migliori hotel di lusso, ma anche piccole pensioni tipiche a conduzione familiare. Il clima mite permette alle coppie in luna di miele di godere dei semplici piaceri del bagno in spiaggia, del relax sotto i pini e di un elegante matrimonio in riva al mare.<\/p>\n<p>Grimaud, noto soprattutto per essere il villaggio vicino al Domaine Du Golf de Barbaroux, offre anche un ambiente idilliaco per chi desidera organizzare un matrimonio all'aperto di fronte al Mar Mediterraneo. Il villaggio \u00e8 da sempre parte integrante della zona di Roquebrune-sur-Argens, considerata un paradiso dal carattere autentico grazie alla sua architettura antica che si sviluppa intorno a piccole strade tortuose.<\/p>\n<\/div><\/div><div class=\"et_pb_text_9 et_pb_text et_pb_bg_layout_light et_pb_module et_block_module\"><div class=\"et_pb_text_inner\"><p style=\"text-align: center;\">Un'esperienza unica in Provenza<\/p>\n<\/div><\/div><div class=\"et_pb_text_10 et_pb_text et_pb_bg_layout_light et_pb_module et_block_module\"><div class=\"et_pb_text_inner\"><p>Il grande giorno arriver\u00e0 troppo in fretta, quindi prendetevi il tempo per godervi ogni momento. Approfittate delle bellezze naturali che la Provenza ha da offrire organizzando una breve escursione prima del grande giorno o semplicemente passeggiando per le graziose stradine acciottolate del villaggio pi\u00f9 vicino, come Le Castellet o Bormes-les-Mimosas. Quando sar\u00e0 il momento dell'aperitivo e della cena, assaporate ogni boccone degli squisiti piatti serviti e cogliete l'occasione per passeggiare in una delle splendide tenute dai colori provenzali, cos\u00ec caratteristiche del Sud della Francia.<\/p>\n<p>Quando si pensa alla Provenza, si immaginano subito campi di lavanda, sole e vecchie pietre. Questa splendida regione ospita il dipartimento del Var. Ed \u00e8 in questo dipartimento che si trovano tre citt\u00e0 perfette per un matrimonio: Saint-Cyr-sur-Mer, Tolone e La Seyne-sur-Mer. Se volete organizzare un matrimonio all'aperto, Saint-Cyr-sur-Mer \u00e8 il posto giusto! Infatti, questa piccola citt\u00e0 dispone di molti spazi verdi dove sar\u00e0 possibile ricevere tutti i vostri ospiti. Avrete inoltre accesso a una spiaggia privata dove potrete godervi il sole provenzale ammirando il Mediterraneo. Tolone offre un ambiente pi\u00f9 urbano, ma non per questo meno affascinante.<\/p>\n<\/div><\/div><\/div><\/div><div class=\"et_pb_row_4 et_pb_row et_block_row\"><div class=\"et_pb_column_4 et_pb_column et_pb_column_4_4 et-last-child et_block_column et_pb_css_mix_blend_mode_passthrough\"><div class=\"et_pb_image_3 et_pb_image et_pb_module et_block_module\"><span class=\"et_pb_image_wrap\"><img decoding=\"async\" data-src=\"https:\/\/www.lauriecornillon.com\/wp-content\/uploads\/sites\/5\/2021\/03\/galerie-102.jpg\" width=\"2500\" height=\"1668\" data-srcset=\"https:\/\/www.lauriecornillon.com\/wp-content\/uploads\/sites\/5\/2021\/03\/galerie-102.jpg 2500w, https:\/\/www.lauriecornillon.com\/wp-content\/uploads\/sites\/5\/2021\/03\/galerie-102-1280x854.jpg 1280w, https:\/\/www.lauriecornillon.com\/wp-content\/uploads\/sites\/5\/2021\/03\/galerie-102-980x654.jpg 980w, https:\/\/www.lauriecornillon.com\/wp-content\/uploads\/sites\/5\/2021\/03\/galerie-102-480x320.jpg 480w\" data-sizes=\"auto\" class=\"wp-image-29155 lazyload\" title=\"galleria-102\" src=\"data:image\/svg+xml;base64,PHN2ZyB3aWR0aD0iMSIgaGVpZ2h0PSIxIiB4bWxucz0iaHR0cDovL3d3dy53My5vcmcvMjAwMC9zdmciPjwvc3ZnPg==\" style=\"--smush-placeholder-width: 2500px; --smush-placeholder-aspect-ratio: 2500\/1668;\" data-original-sizes=\"(min-width: 0px) and (max-width: 480px) 480px, (min-width: 481px) and (max-width: 980px) 980px, (min-width: 981px) and (max-width: 1280px) 1280px, (min-width: 1281px) 2500px, 100vw\" \/><\/span><\/div><\/div><\/div><\/div><div class=\"et_pb_section_3 et_pb_section et_section_regular et_block_section\"><div class=\"et_pb_row_5 et_pb_row et_block_row\"><div class=\"et_pb_column_5 et_pb_column et_pb_column_4_4 et-last-child et_block_column et_pb_css_mix_blend_mode_passthrough\"><div class=\"et_pb_text_11 et_pb_text et_pb_bg_layout_light et_pb_module et_block_module\"><div class=\"et_pb_text_inner\"><h4><span style=\"font-size: xx-large;\">Fotografo pluripremiato in Europa<\/span><\/h4>\n<\/div><\/div><\/div><\/div><div class=\"et_pb_row_6 et_pb_row et_block_row\"><div class=\"et_pb_column_6 et_pb_column et_pb_column_4_4 et-last-child et_block_column et_pb_css_mix_blend_mode_passthrough\"><div class=\"et_pb_text_12 et_pb_text et_pb_bg_layout_light et_pb_module et_block_module\"><div class=\"et_pb_text_inner\"><p style=\"text-align: center;\">Laurie \u00e8 una fotografa locale che ha ricevuto numerosi premi da importanti riviste di tutto il mondo per le sue bellissime fotografie e la sua abilit\u00e0 tecnica. Potrete essere certi di avere uno dei migliori fotografi di matrimonio di <a href=\"https:\/\/www.lauriecornillon.com\/it\/fotografo-di-matrimonio\/\">Cannes<\/a> e la Costa Azzurra per il vostro grande giorno.<\/p>\n<\/div><\/div><\/div><\/div><div class=\"et_pb_row_7 et_pb_row et_block_row\"><div class=\"et_pb_column_7 et_pb_column et_pb_column_1_3 et_block_column et_pb_css_mix_blend_mode_passthrough\"><div class=\"et_pb_text_13 et_pb_text et_pb_bg_layout_light et_pb_module et_block_module\"><div class=\"et_pb_text_inner\"><p style=\"text-align: center;\"><span color=\"#ffffff\" style=\"color: #ffffff;\">Premi di nozze<\/span><\/p>\n<p style=\"text-align: center;\"><em><span style=\"color: #b9a06f;\">Premi Wedding.net\u00a0<\/span><\/em><\/p>\n<\/div><\/div><\/div><div class=\"et_pb_column_8 et_pb_column et_pb_column_1_3 et_block_column et_pb_css_mix_blend_mode_passthrough\"><div class=\"et_pb_text_14 et_pb_text et_pb_bg_layout_light et_pb_module et_block_module\"><div class=\"et_pb_text_inner\"><p style=\"text-align: center;\"><span style=\"color: #ffffff;\">Premi europei <\/span><\/p>\n<p style=\"text-align: center;\"><em><span style=\"color: #b9a06f;\">Premio Pixedo nella categoria paesaggio<\/span><\/em><\/p>\n<\/div><\/div><\/div><div class=\"et_pb_column_9 et_pb_column et_pb_column_1_3 et-last-child et_block_column et_pb_css_mix_blend_mode_passthrough\"><div class=\"et_pb_text_15 et_pb_text et_pb_bg_layout_light et_pb_module et_block_module\"><div class=\"et_pb_text_inner\"><p style=\"text-align: center;\"><span style=\"color: #ffffff;\">Fotografia dell'anno<\/span><\/p>\n<p style=\"text-align: center;\"><em><span style=\"color: #b9a06f;\">Premio Costa Azzurra Francia 2017<\/span><\/em><\/p>\n<\/div><\/div><\/div><\/div><\/div><div class=\"et_pb_section_4 et_pb_section et_section_regular et_block_section\"><div class=\"et_pb_row_8 et_pb_row et_block_row\"><div class=\"et_pb_column_10 et_pb_column et_pb_column_4_4 et-last-child et_block_column et_pb_css_mix_blend_mode_passthrough\"><div class=\"et_pb_text_16 et_pb_text et_pb_bg_layout_light et_pb_module et_block_module\"><div class=\"et_pb_text_inner\"><h2><span style=\"font-size: xx-large;\">Parliamo del vostro progetto di matrimonio in Provenza<\/span><\/h2>\n<\/div><\/div><div class=\"et_pb_text_17 et_pb_text et_pb_bg_layout_light et_pb_module et_block_module\"><div class=\"et_pb_text_inner\"><p>Un matrimonio in Provenza \u00e8 un'esperienza indimenticabile. Gli splendidi paesaggi, il clima mediterraneo e la cucina deliziosa sono la combinazione perfetta per un matrimonio romantico. La preparazione del matrimonio pu\u00f2 essere stressante, ma in Provenza ci sono molti fornitori di servizi di qualit\u00e0 che vi aiuteranno a organizzare il vostro giorno perfetto. Dalla musica dal vivo durante la cerimonia a un catering specializzato in piatti locali, tutto \u00e8 possibile. Se state cercando un fotografo in grado di catturare il fascino naturale del sud-est della Francia e di cogliere l'essenza della felicit\u00e0 provata da ogni invitato al vostro matrimonio, non esitate a contattarmi. <a href=\"https:\/\/www.lauriecornillon.com\/it\/contatto\/\">contatto<\/a>. Sarei onorato di essere al vostro fianco per immortalare questo grande giorno.<\/p>\n<p>&nbsp;<\/p>\n<\/div><\/div><div class=\"et_pb_module et_pb_button_module_wrapper et_pb_button_0_wrapper\"><a class=\"et_pb_button_0 et_pb_button et_pb_bg_layout_light et_pb_module et_block_module\" href=\"\/it\/contatto\/\">Contattatemi<\/a><\/div><\/div><\/div><div class=\"et_pb_row_9 et_pb_row et_block_row\"><div class=\"et_pb_column_11 et_pb_column et_pb_column_1_3 et_block_column et_pb_css_mix_blend_mode_passthrough\"><div class=\"et_pb_image_4 et_pb_image et_pb_module et_block_module\"><span class=\"et_pb_image_wrap\"><img decoding=\"async\" data-src=\"https:\/\/www.lauriecornillon.com\/wp-content\/uploads\/sites\/5\/2021\/04\/photographe-professionnel-antibes.jpg\" width=\"1704\" height=\"2560\" data-srcset=\"https:\/\/www.lauriecornillon.com\/wp-content\/uploads\/sites\/5\/2021\/04\/photographe-professionnel-antibes.jpg 1704w, https:\/\/www.lauriecornillon.com\/wp-content\/uploads\/sites\/5\/2021\/04\/photographe-professionnel-antibes-1280x1923.jpg 1280w, https:\/\/www.lauriecornillon.com\/wp-content\/uploads\/sites\/5\/2021\/04\/photographe-professionnel-antibes-980x1472.jpg 980w, https:\/\/www.lauriecornillon.com\/wp-content\/uploads\/sites\/5\/2021\/04\/photographe-professionnel-antibes-480x721.jpg 480w\" data-sizes=\"auto\" class=\"wp-image-17565 lazyload\" title=\"Fotografo professionista Cannes\" alt=\"Fotografo professionista Cannes\" src=\"data:image\/svg+xml;base64,PHN2ZyB3aWR0aD0iMSIgaGVpZ2h0PSIxIiB4bWxucz0iaHR0cDovL3d3dy53My5vcmcvMjAwMC9zdmciPjwvc3ZnPg==\" style=\"--smush-placeholder-width: 1704px; --smush-placeholder-aspect-ratio: 1704\/2560;\" data-original-sizes=\"(min-width: 0px) and (max-width: 480px) 480px, (min-width: 481px) and (max-width: 980px) 980px, (min-width: 981px) and (max-width: 1280px) 1280px, (min-width: 1281px) 1704px, 100vw\" \/><\/span><\/div><\/div><div class=\"et_pb_column_12 et_pb_column et_pb_column_1_3 et_block_column et_pb_css_mix_blend_mode_passthrough\"><div class=\"et_pb_image_5 et_pb_image et_pb_module et_block_module\"><span class=\"et_pb_image_wrap\"><img decoding=\"async\" data-src=\"https:\/\/www.lauriecornillon.com\/wp-content\/uploads\/sites\/5\/2021\/03\/galerie-147.jpg\" width=\"1668\" height=\"2500\" data-srcset=\"https:\/\/www.lauriecornillon.com\/wp-content\/uploads\/sites\/5\/2021\/03\/galerie-147.jpg 1668w, https:\/\/www.lauriecornillon.com\/wp-content\/uploads\/sites\/5\/2021\/03\/galerie-147-1280x1918.jpg 1280w, https:\/\/www.lauriecornillon.com\/wp-content\/uploads\/sites\/5\/2021\/03\/galerie-147-980x1469.jpg 980w, https:\/\/www.lauriecornillon.com\/wp-content\/uploads\/sites\/5\/2021\/03\/galerie-147-480x719.jpg 480w\" data-sizes=\"auto\" class=\"wp-image-29141 lazyload\" title=\"galleria-147\" alt=\"Fotografia di matrimonio Cannes\" src=\"data:image\/svg+xml;base64,PHN2ZyB3aWR0aD0iMSIgaGVpZ2h0PSIxIiB4bWxucz0iaHR0cDovL3d3dy53My5vcmcvMjAwMC9zdmciPjwvc3ZnPg==\" style=\"--smush-placeholder-width: 1668px; --smush-placeholder-aspect-ratio: 1668\/2500;\" data-original-sizes=\"(min-width: 0px) and (max-width: 480px) 480px, (min-width: 481px) and (max-width: 980px) 980px, (min-width: 981px) and (max-width: 1280px) 1280px, (min-width: 1281px) 1668px, 100vw\" \/><\/span><\/div><\/div><div class=\"et_pb_column_13 et_pb_column et_pb_column_1_3 et-last-child et_block_column et_pb_css_mix_blend_mode_passthrough\"><div class=\"et_pb_image_6 et_pb_image et_pb_module et_block_module\"><span class=\"et_pb_image_wrap\"><img decoding=\"async\" data-src=\"https:\/\/www.lauriecornillon.com\/wp-content\/uploads\/sites\/5\/2021\/04\/photographe-mariage-de-prestige-antibes.jpg\" width=\"1709\" height=\"2560\" data-srcset=\"https:\/\/www.lauriecornillon.com\/wp-content\/uploads\/sites\/5\/2021\/04\/photographe-mariage-de-prestige-antibes.jpg 1709w, https:\/\/www.lauriecornillon.com\/wp-content\/uploads\/sites\/5\/2021\/04\/photographe-mariage-de-prestige-antibes-1280x1917.jpg 1280w, https:\/\/www.lauriecornillon.com\/wp-content\/uploads\/sites\/5\/2021\/04\/photographe-mariage-de-prestige-antibes-980x1468.jpg 980w, https:\/\/www.lauriecornillon.com\/wp-content\/uploads\/sites\/5\/2021\/04\/photographe-mariage-de-prestige-antibes-480x719.jpg 480w\" data-sizes=\"auto\" class=\"wp-image-17567 lazyload\" title=\"Fotografo di matrimonio di prestigio a Cannes\" alt=\"Fotografo di matrimonio di prestigio a Cannes\" src=\"data:image\/svg+xml;base64,PHN2ZyB3aWR0aD0iMSIgaGVpZ2h0PSIxIiB4bWxucz0iaHR0cDovL3d3dy53My5vcmcvMjAwMC9zdmciPjwvc3ZnPg==\" style=\"--smush-placeholder-width: 1709px; --smush-placeholder-aspect-ratio: 1709\/2560;\" data-original-sizes=\"(min-width: 0px) and (max-width: 480px) 480px, (min-width: 481px) and (max-width: 980px) 980px, (min-width: 981px) and (max-width: 1280px) 1280px, (min-width: 1281px) 1709px, 100vw\" \/><\/span><\/div><\/div><\/div><\/div>","protected":false},"excerpt":{"rendered":"","protected":false},"author":1,"featured_media":0,"parent":0,"menu_order":0,"comment_status":"closed","ping_status":"closed","template":"","meta":{"footnotes":""},"class_list":["post-29346","page","type-page","status-publish","hentry"],"_links":{"self":[{"href":"https:\/\/www.lauriecornillon.com\/it\/wp-json\/wp\/v2\/pages\/29346","targetHints":{"allow":["GET"]}}],"collection":[{"href":"https:\/\/www.lauriecornillon.com\/it\/wp-json\/wp\/v2\/pages"}],"about":[{"href":"https:\/\/www.lauriecornillon.com\/it\/wp-json\/wp\/v2\/types\/page"}],"author":[{"embeddable":true,"href":"https:\/\/www.lauriecornillon.com\/it\/wp-json\/wp\/v2\/users\/1"}],"replies":[{"embeddable":true,"href":"https:\/\/www.lauriecornillon.com\/it\/wp-json\/wp\/v2\/comments?post=29346"}],"version-history":[{"count":0,"href":"https:\/\/www.lauriecornillon.com\/it\/wp-json\/wp\/v2\/pages\/29346\/revisions"}],"wp:attachment":[{"href":"https:\/\/www.lauriecornillon.com\/it\/wp-json\/wp\/v2\/media?parent=29346"}],"curies":[{"name":"wp","href":"https:\/\/api.w.org\/{rel}","templated":true}]}}